{"id":1406,"date":"2021-06-20T10:59:02","date_gmt":"2021-06-20T08:59:02","guid":{"rendered":"http:\/\/dev.finkbeinerkg.de\/?page_id=1406"},"modified":"2026-05-06T22:11:40","modified_gmt":"2026-05-06T20:11:40","slug":"bauholz-kantholz","status":"publish","type":"page","link":"https:\/\/finkbeinerkg.de\/fr\/produkte\/bauholz-kantholz\/","title":{"rendered":"Bois de construction &amp; bois \u00e9quarri"},"content":{"rendered":"<div class=\"brz-root__container brz-reset-all brz brz-root__container-page\">\n<section id=\"_mcuounqypnqandhhaqbxyujudlmzldpeyzxn\" class=\"brz-section brz-css-as7rff\">\n<div class=\"brz-section__content brz-section--boxed brz-css-7oeruv brz-css-1erly2j\" data-brz-custom-id=\"hnpajsaxufdyzansmkmdhrgfsmqpzmgnhrzz\">\n<div class=\"brz-container brz-css-ca2d9e\">\n<div class=\"brz-row__container brz-css-fokicw\" data-brz-custom-id=\"hisobgztzxzdoynqofnytpntrvrahawmsvin\">\n<div class=\"brz-bg\"><\/div>\n<div class=\"brz-row brz-css-zavi2f brz-css-7c5n12\">\n<div class=\"brz-columns brz-css-d4nh05 brz-css-d7x5cm\" data-brz-custom-id=\"ovytuknlyfsxplbshckanyrezfhorbjbyqef\">\n<div class=\"brz-bg\"><\/div>\n<div class=\"brz-column__items brz-css-1lgu2a0 brz-css-16asi5l\">\n<div id=\"\" class=\"brz-css-1d642at brz-css-1nw62au brz-wrapper\">\n<div class=\"brz-rich-text brz-rich-text__custom brz-css-14i18mg\" data-brz-custom-id=\"tttcukvvjspmukliutqqljpuipwrbzvawcca\">\n<div data-brz-translate-text=\"1\">\n<h2 data-uniq-id=\"rewux\" data-generated-css=\"brz-css-wxmic\" class=\"brz-ls-lg-0 brz-lh-lg-1_3 brz-ff-inter brz-ft-google brz-fs-lg-48 brz-fss-lg-px brz-fw-lg-900 brz-mb-lg-19 brz-tp-lg-heading2 brz-css-ttR_m\"><span class=\"brz-cp-color7\">TROUVEZ LE BON PRODUIT DANS NOTRE ASSORTIMENT<\/span><\/h2>\n<\/div>\n<\/div>\n<\/div>\n<div id=\"\" class=\"brz-css-1d642at brz-wrapper\">\n<div class=\"brz-rich-text brz-rich-text__custom brz-css-14i18mg\" data-brz-custom-id=\"blcewsduomnzjswnyiwmorczwaehkrgsnqhl\">\n<div data-brz-translate-text=\"1\">\n<p class=\"brz-tp-lg-paragraph brz-mb-lg-15 brz-css-maYf7\" data-uniq-id=\"zhtdf\" data-generated-css=\"brz-css-qmovh\"><span class=\"brz-cp-color7\">Si vous avez des questions ou si vous avez d\u00e9j\u00e0 trouv\u00e9 le produit qui vous convient, vous pouvez envoyer une demande ici ou contacter directement l'un de nos conseillers. <\/span><a class=\"brz-cp-color7 link--anchor\" href=\"#_klypnosumnblcimnfvbyjnsxunwzjhzygdcp\" data-brz-link-type=\"anchor\"><u>Personne de contact<\/u> <\/a><span class=\"brz-cp-color7\">discuter de votre demande.<\/span><\/p>\n<\/div>\n<\/div>\n<\/div>\n<div class=\"brz-wrapper-clone brz-css-6en7jz\">\n<div class=\"brz-d-xs-flex brz-flex-xs-wrap brz-css-5kfjrr brz-css-hu8p4a\" data-brz-custom-id=\"\">\n<div class=\"brz-wrapper-clone__item\" id=\"zhrholzjhbrrsysfwkyywizdkuwofxxygvnb\"><a class=\"brz-a brz-btn brz-css-emhoo6 brz-css-kytucy brz-css-1l91zeg brz-css-1xfqbo0\" href=\"\/fr\/produkte\/#produktanfrage\" target=\"_self\" rel=\"noopener\" data-brz-link-type=\"external\" data-brz-custom-id=\"zhrholzjhbrrsysfwkyywizdkuwofxxygvnb\"><span data-brz-translate-text=\"1\" class=\"brz-span brz-text__editor\">FAIRE UNE DEMANDE<\/span><\/a><\/div>\n<\/div>\n<\/div>\n<\/div>\n<\/div>\n<div class=\"brz-columns brz-css-d4nh05 brz-css-7d47le\" data-brz-custom-id=\"ddcyapsftaazhvubusaxgjumlegxuhzkuwwp\">\n<div class=\"brz-bg\"><\/div>\n<div class=\"brz-column__items brz-css-1lgu2a0 brz-css-1xqft20\">\n<div id=\"\" class=\"brz-css-1d642at brz-css-1k3ldwi brz-wrapper\">\n<div class=\"brz-carousel brz-css-kr7qu brz-css-xmfe1a\" data-brz-custom-id=\"tzkcwfcvwtdghtvkvkmhkczldrqdxgmoptut\">\n<div class=\"brz-carousel__slider\" data-slides-to-show=\"1\" data-slides-to-scroll=\"1\" data-arrows=\"true\" data-dots=\"true\" data-dots-class=\"brz-slick-slider__dots brz-slick-slider__dots--square\" data-auto-play=\"true\" data-auto-play-speed=\"4000\" data-swipe=\"true\" data-fade=\"false\" data-transition-speed=\"3.5\" data-responsive=\"%5B%7B%22breakpoint%22%3A991%2C%22settings%22%3A%7B%22slidesToShow%22%3A2%2C%22slidesToScroll%22%3A1%7D%7D%2C%7B%22breakpoint%22%3A767%2C%22settings%22%3A%7B%22slidesToShow%22%3A1%2C%22slidesToScroll%22%3A1%7D%7D%5D\">\n<div class=\"brz-carousel__item\">\n<div class=\"brz-columns brz-css-d4nh05 brz-css-1lggyfr\" data-brz-custom-id=\"rrlwdapduntjkgwcscdfbezewhqzdxrtzife\">\n<div class=\"brz-bg\"><\/div>\n<div class=\"brz-column__items brz-css-1lgu2a0 brz-css-qhqzki\">\n<div id=\"\" class=\"brz-css-1d642at brz-css-ic0ujf brz-wrapper\">\n<div class=\"brz-image brz-css-1ismju9\" data-brz-custom-id=\"zowzewbcbwuaqvzrrrlmdjawxyjqvizsvqqk\"><img decoding=\"async\" class=\"brz-img\" src=\"https:\/\/finkbeinerkg.de\/wp-content\/uploads\/brizy\/imgs\/DSC02316-Bearbeitet-scaled-539x360x0x0x539x360x1655487400.jpg\" alt=\"\" loading=\"lazy\"><\/div>\n<\/div>\n<\/div>\n<\/div>\n<\/div>\n<div class=\"brz-carousel__item\">\n<div class=\"brz-columns brz-css-d4nh05 brz-css-1lggyfr\" data-brz-custom-id=\"margatxhbrmpzrpheffmsrlowzimzxnrwold\">\n<div class=\"brz-bg\"><\/div>\n<div class=\"brz-column__items brz-css-1lgu2a0 brz-css-16l1ubh\">\n<div id=\"\" class=\"brz-css-1d642at brz-css-kjv1su brz-wrapper\">\n<div class=\"brz-image brz-css-155nb7o\" data-brz-custom-id=\"jomohljklhpsgyqrqqdohajtjgilvjhgdcsk\"><img decoding=\"async\" class=\"brz-img\" src=\"https:\/\/finkbeinerkg.de\/wp-content\/uploads\/brizy\/imgs\/Schnittholz-DSC02313-Bearbeitet-539x360x0x0x539x360x1655487400.jpg\" alt=\"\" loading=\"lazy\"><\/div>\n<\/div>\n<\/div>\n<\/div>\n<\/div>\n<\/div>\n<\/div>\n<\/div>\n<\/div>\n<\/div>\n<\/div>\n<\/div>\n<\/div>\n<\/div>\n<\/section>\n<section id=\"_rsbflhjriqhmmjtolazrscievpvupsnjbfmd\" class=\"brz-section brz-css-as7rff\">\n<div class=\"brz-section__content brz-section--boxed brz-css-7oeruv brz-css-w2c736\" data-brz-custom-id=\"luhnxhvnkjupawyhogkvzbepxsefguppkmaz\">\n<div class=\"brz-bg\">\n<div class=\"brz-bg-color\"><\/div>\n<\/div>\n<div class=\"brz-container brz-css-ca2d9e\">\n<div id=\"\" class=\"brz-css-1d642at brz-css-405ius brz-wrapper\">\n<div class=\"brz-rich-text brz-rich-text__custom brz-css-14i18mg\" data-brz-custom-id=\"ckmrebssdoqsrgxxkxemzdnlmfbrofkhugbd\">\n<div data-brz-translate-text=\"1\">\n<h1 class=\"brz-mb-lg-19 brz-fw-lg-900 brz-fss-lg-px brz-fs-lg-48 brz-ft-google brz-ff-inter brz-lh-lg-1_3 brz-ls-lg-0 brz-tp-lg-heading1 brz-css-xK9rq\" data-generated-css=\"brz-css-nirsm\" data-uniq-id=\"hbrwk\"><span class=\"brz-cp-color7 brz-capitalize-on\">Gamme de produits<\/span><\/h1>\n<\/div>\n<\/div>\n<\/div>\n<div class=\"brz-row__container brz-css-fokicw\" data-brz-custom-id=\"gslaezlqyhukbvsshxqxejjevoaflgsmmyuy\">\n<div class=\"brz-bg\"><\/div>\n<div class=\"brz-row brz-css-zavi2f brz-css-7c5n12\">\n<div class=\"brz-columns brz-css-d4nh05 brz-css-vbh2i2\" data-brz-custom-id=\"outjrzwvzxbkfixvwwzdixpkzgsdfgvaprno\">\n<div class=\"brz-bg\"><\/div>\n<div class=\"brz-column__items brz-css-1lgu2a0 brz-css-nrg91k\">\n<div class=\"brz-row__container brz-css-fokicw\" data-brz-custom-id=\"kgfxczfanijamzexqqynzkrlslrlnqdlyylh\">\n<div class=\"brz-bg\"><\/div>\n<div class=\"brz-row brz-row--inner brz-css-zavi2f\">\n<div class=\"brz-columns brz-css-d4nh05 brz-css-7l89gd\" data-brz-custom-id=\"nevnqmgpjasoxkopmdtcthfllledlmwcxbpq\">\n<div class=\"brz-bg\"><\/div>\n<div class=\"brz-column__items brz-css-1lgu2a0\">\n<div class=\"brz-wrapper-clone brz-css-6en7jz\">\n<div class=\"brz-d-xs-flex brz-flex-xs-wrap brz-css-5kfjrr\" data-brz-custom-id=\"\">\n<div class=\"brz-wrapper-clone__item\" id=\"zmtynvbucwraroislgxnhkbjzmujltrtplyf\">\n<div class=\"brz-icon__container\" data-brz-custom-id=\"zmtynvbucwraroislgxnhkbjzmujltrtplyf\"><span class=\"brz-icon brz-span brz-css-1sxeiqx brz-css-1gqucv8\"><\/span><\/div>\n<\/div>\n<\/div>\n<\/div>\n<\/div>\n<\/div>\n<div class=\"brz-columns brz-css-d4nh05 brz-css-1g2yrx0\" data-brz-custom-id=\"gdqykvtnbcwxghyuercmiyjbluauoyxdffcm\">\n<div class=\"brz-bg\"><\/div>\n<div class=\"brz-column__items brz-css-1lgu2a0\">\n<div id=\"\" class=\"brz-css-1d642at brz-wrapper\">\n<div class=\"brz-rich-text brz-rich-text__custom brz-css-14i18mg\" data-brz-custom-id=\"rmqfpivmnphuzjbryqtynnslxdadeymevscz\">\n<div data-brz-translate-text=\"1\">\n<p class=\"brz-tp-lg-heading5 brz-css-aa7Rb\" data-uniq-id=\"otjne\" data-generated-css=\"brz-css-hjtay\"><span class=\"brz-cp-color7\">Bois de construction SI<\/span><\/p>\n<\/div>\n<\/div>\n<\/div>\n<\/div>\n<\/div>\n<\/div>\n<\/div>\n<div class=\"brz-row__container brz-css-fokicw\" data-brz-custom-id=\"wzbkluyyizkxuhlmdvxawnpmniiddhgsanvx\">\n<div class=\"brz-bg\"><\/div>\n<div class=\"brz-row brz-row--inner brz-css-zavi2f\">\n<div class=\"brz-columns brz-css-d4nh05 brz-css-1e89swj\" data-brz-custom-id=\"lmkymmjypkholsycfedmcvobhksozxlifqzb\">\n<div class=\"brz-bg\"><\/div>\n<div class=\"brz-column__items brz-css-1lgu2a0\">\n<div class=\"brz-wrapper-clone brz-css-6en7jz\">\n<div class=\"brz-d-xs-flex brz-flex-xs-wrap brz-css-5kfjrr\" data-brz-custom-id=\"\">\n<div class=\"brz-wrapper-clone__item\" id=\"gvcjuibeecxycpblduzqltosdgobmvxdhebx\">\n<div class=\"brz-icon__container\" data-brz-custom-id=\"gvcjuibeecxycpblduzqltosdgobmvxdhebx\"><span class=\"brz-icon brz-span brz-css-1sxeiqx brz-css-nhpjlw\"><\/span><\/div>\n<\/div>\n<\/div>\n<\/div>\n<\/div>\n<\/div>\n<div class=\"brz-columns brz-css-d4nh05 brz-css-1t4f2v7\" data-brz-custom-id=\"mslzajioajltjdvzmzfrskaekybgidfasqov\">\n<div class=\"brz-bg\"><\/div>\n<div class=\"brz-column__items brz-css-1lgu2a0\">\n<div id=\"\" class=\"brz-css-1d642at brz-wrapper\">\n<div class=\"brz-rich-text brz-rich-text__custom brz-css-14i18mg\" data-brz-custom-id=\"rnondnmxzsxqokfiobqdihotuerummrumlbn\">\n<div data-brz-translate-text=\"1\">\n<p class=\"brz-tp-lg-heading5 brz-css-rBfnv\" data-generated-css=\"brz-css-femdu\" data-uniq-id=\"ubyno\">Bois de construction selon liste<\/p>\n<\/div>\n<\/div>\n<\/div>\n<\/div>\n<\/div>\n<\/div>\n<\/div>\n<\/div>\n<\/div>\n<div class=\"brz-columns brz-css-d4nh05 brz-css-rjp20j\" data-brz-custom-id=\"sbgyuwlshddepcvisohzvvttzrgcstnbtcjw\">\n<div class=\"brz-bg\"><\/div>\n<div class=\"brz-column__items brz-css-1lgu2a0 brz-css-1gu89ai\">\n<div class=\"brz-row__container brz-css-fokicw\" data-brz-custom-id=\"ytbwctsrfyeuglhswisjytycpgggvqvjkscg\">\n<div class=\"brz-bg\"><\/div>\n<div class=\"brz-row brz-row--inner brz-css-zavi2f\">\n<div class=\"brz-columns brz-css-d4nh05 brz-css-hn0cqf\" data-brz-custom-id=\"ncmxzngqnntectageywxwwjlkzwtpbhersuk\">\n<div class=\"brz-bg\"><\/div>\n<div class=\"brz-column__items brz-css-1lgu2a0\">\n<div class=\"brz-wrapper-clone brz-css-6en7jz\">\n<div class=\"brz-d-xs-flex brz-flex-xs-wrap brz-css-5kfjrr\" data-brz-custom-id=\"\">\n<div class=\"brz-wrapper-clone__item\" id=\"yhtnellcvmjyiqlnfysscocwqwbqdgiliphu\">\n<div class=\"brz-icon__container\" data-brz-custom-id=\"yhtnellcvmjyiqlnfysscocwqwbqdgiliphu\"><span class=\"brz-icon brz-span brz-css-1sxeiqx brz-css-1sibwqp\"><\/span><\/div>\n<\/div>\n<\/div>\n<\/div>\n<\/div>\n<\/div>\n<div class=\"brz-columns brz-css-d4nh05 brz-css-lmlldt\" data-brz-custom-id=\"frukdodeydicxuusscrxjbevlebpepltjous\">\n<div class=\"brz-bg\"><\/div>\n<div class=\"brz-column__items brz-css-1lgu2a0\">\n<div id=\"\" class=\"brz-css-1d642at brz-wrapper\">\n<div class=\"brz-rich-text brz-rich-text__custom brz-css-14i18mg\" data-brz-custom-id=\"gahexuffjqjjlcexnawlqaxgufaadvxxbjpj\">\n<div data-brz-translate-text=\"1\">\n<p class=\"brz-tp-lg-heading5 brz-css-goR2e\" data-uniq-id=\"tgmde\" data-generated-css=\"brz-css-ktyzr\">Bois de construction NSI<\/p>\n<\/div>\n<\/div>\n<\/div>\n<\/div>\n<\/div>\n<\/div>\n<\/div>\n<div class=\"brz-row__container brz-css-fokicw\" data-brz-custom-id=\"opqrhhexrqbxwopbjbiopbxettrqznybzmen\">\n<div class=\"brz-bg\"><\/div>\n<div class=\"brz-row brz-row--inner brz-css-zavi2f\">\n<div class=\"brz-columns brz-css-d4nh05 brz-css-bcgvzp\" data-brz-custom-id=\"rgbdvbrbqzxuhqywwwtugttgtfnyhtuvdeah\">\n<div class=\"brz-bg\"><\/div>\n<div class=\"brz-column__items brz-css-1lgu2a0\">\n<div class=\"brz-wrapper-clone brz-css-6en7jz\">\n<div class=\"brz-d-xs-flex brz-flex-xs-wrap brz-css-5kfjrr\" data-brz-custom-id=\"\">\n<div class=\"brz-wrapper-clone__item\" id=\"xjemxrsjprdjnytwfdyvftaeklluoyhvcavb\">\n<div class=\"brz-icon__container\" data-brz-custom-id=\"xjemxrsjprdjnytwfdyvftaeklluoyhvcavb\"><span class=\"brz-icon brz-span brz-css-1sxeiqx brz-css-1xccya7\"><\/span><\/div>\n<\/div>\n<\/div>\n<\/div>\n<\/div>\n<\/div>\n<div class=\"brz-columns brz-css-d4nh05 brz-css-151spig\" data-brz-custom-id=\"jldileeddttdwomhlmsawhwtzapewzaxubmv\">\n<div class=\"brz-bg\"><\/div>\n<div class=\"brz-column__items brz-css-1lgu2a0\">\n<div id=\"\" class=\"brz-css-1d642at brz-wrapper\">\n<div class=\"brz-rich-text brz-rich-text__custom brz-css-14i18mg\" data-brz-custom-id=\"dtexdorjjmlhsbczyufhneoilgmqjgijlogr\">\n<div data-brz-translate-text=\"1\">\n<p class=\"brz-tp-lg-heading5 brz-css-tSGYU\" data-uniq-id=\"xofvg\" data-generated-css=\"brz-css-ztxzs\">Bois \u00e9quarri<\/p>\n<\/div>\n<\/div>\n<\/div>\n<\/div>\n<\/div>\n<\/div>\n<\/div>\n<\/div>\n<\/div>\n<\/div>\n<\/div>\n<\/div>\n<\/div>\n<\/section>\n<\/div>\n<p>    <!-- version:1736977660 --><\/p>","protected":false},"excerpt":{"rendered":"<p>TROUVEZ LE BON PRODUIT DANS NOTRE GAMME Si vous avez des questions ou si vous avez d\u00e9j\u00e0 trouv\u00e9 le produit qui vous convient, vous pouvez poser une question ici ou discuter directement de votre demande avec l'un de nos interlocuteurs. DEMANDE Assortiment de bois de construction SI Bois de construction selon liste Bois de construction NSI Bois \u00e9quarri<\/p>","protected":false},"author":1,"featured_media":0,"parent":60,"menu_order":0,"comment_status":"closed","ping_status":"closed","template":"brizy-blank-template.php","meta":{"footnotes":""},"class_list":["post-1406","page","type-page","status-publish","hentry","entry"],"brizy_media":[{"id":34,"url":"https:\/\/finkbeinerkg.de\/wp-content\/uploads\/brizy\/2\/assets\/images\/e6d33f2aa55eda2ed1e82f1b71877847.jpg","name":"e6d33f2aa55eda2ed1e82f1b71877847.jpg","meta":{"brizy_attachment_uid":"e6d33f2aa55eda2ed1e82f1b71877847.jpg","brizy_post_uid":["fced599feb4b01547da17fe4582c9fb5","fced599feb4b01547da17fe4582c9fb5"]}},{"id":214,"url":"https:\/\/finkbeinerkg.de\/wp-content\/uploads\/2021\/03\/pfeifer_2017_verpackungsholz_west_0100_header_1-7.jpg","name":"pfeifer_2017_verpackungsholz_west_0100_header_1-7.jpg","meta":{"brizy_attachment_uid":"wp-537b7ba7cd89fdf550de39ac20de4f1c.jpg","brizy_post_uid":["8661b5776108f0a6ce5ccabe32ff1891","fced599feb4b01547da17fe4582c9fb5"]}},{"id":1457,"url":"https:\/\/finkbeinerkg.de\/wp-content\/uploads\/2021\/06\/Bild1.png","name":"Bild1.png","meta":{"brizy_attachment_uid":"wp-768cc2836d71d891f98a6eaabef38323.png","brizy_post_uid":["fced599feb4b01547da17fe4582c9fb5"]}},{"id":1493,"url":"https:\/\/finkbeinerkg.de\/wp-content\/uploads\/2021\/06\/Bild2.svg","name":"Bild2.svg","meta":{"brizy_attachment_uid":"wp-6b4af72238458865c1c9603a3bd272cf.svg","brizy_post_uid":["fced599feb4b01547da17fe4582c9fb5"]}},{"id":1525,"url":"https:\/\/finkbeinerkg.de\/wp-content\/uploads\/2021\/06\/triangle.svg","name":"triangle.svg","meta":{"brizy_attachment_uid":"wp-62d856852c5295ac99943fc480f05143.svg","brizy_post_uid":["fced599feb4b01547da17fe4582c9fb5"]}},{"id":1528,"url":"https:\/\/finkbeinerkg.de\/wp-content\/uploads\/2021\/06\/square.svg","name":"square.svg","meta":{"brizy_attachment_uid":"wp-d7923b65c4bee4f01d5c2f55b152f536.svg","brizy_post_uid":["fced599feb4b01547da17fe4582c9fb5"]}},{"id":1531,"url":"https:\/\/finkbeinerkg.de\/wp-content\/uploads\/2021\/06\/pentagon.svg","name":"pentagon.svg","meta":{"brizy_attachment_uid":"wp-bf91668fa7fdd9c6f378618d327a0131.svg","brizy_post_uid":["fced599feb4b01547da17fe4582c9fb5"]}},{"id":2425,"url":"https:\/\/finkbeinerkg.de\/wp-content\/uploads\/2021\/10\/Schnittholz-DSC02313-Bearbeitet.jpg","name":"Schnittholz-DSC02313-Bearbeitet.jpg","meta":{"brizy_attachment_uid":"wp-7ca1c021f1de34f45b7297fc106a89e1.jpg","brizy_post_uid":["bc2afaf44beb9da92193f2a047b9cbb2","fced599feb4b01547da17fe4582c9fb5","df98cb56dcb0f9296acc036ddebd4174"]}},{"id":2432,"url":"https:\/\/finkbeinerkg.de\/wp-content\/uploads\/2021\/10\/DSC02320-Bearbeitet-scaled.jpg","name":"DSC02320-Bearbeitet.jpg","meta":{"brizy_attachment_uid":"wp-ef1abb7a176a7857a6b081c594ddadb6.jpg","brizy_post_uid":["bc2afaf44beb9da92193f2a047b9cbb2","fced599feb4b01547da17fe4582c9fb5","e241b40f540eb1f4e9bde0f25c002d68","df98cb56dcb0f9296acc036ddebd4174"]}},{"id":2746,"url":"https:\/\/finkbeinerkg.de\/wp-content\/uploads\/2021\/10\/DSC09271-scaled.jpg","name":"DSC09271.jpg","meta":{"brizy_attachment_uid":"wp-2cdb9458a57dad01645821da62ff8829.jpg","brizy_post_uid":["1ab913ebe5e2b27b096709f919d0e312","fced599feb4b01547da17fe4582c9fb5"]}},{"id":2887,"url":"https:\/\/finkbeinerkg.de\/wp-content\/uploads\/2021\/10\/DSC08280-scaled.jpg","name":"DSC08280.jpg","meta":{"brizy_attachment_uid":"wp-e469e2e192937644445a4ee9b2b3c05b.jpg","brizy_post_uid":["fced599feb4b01547da17fe4582c9fb5"]}},{"id":2892,"url":"https:\/\/finkbeinerkg.de\/wp-content\/uploads\/2021\/10\/DSC08331-scaled.jpg","name":"DSC08331.jpg","meta":{"brizy_attachment_uid":"wp-35b6070bbde45e82f8fe3cbfef3fa59a.jpg","brizy_post_uid":["fced599feb4b01547da17fe4582c9fb5"]}},{"id":2898,"url":"https:\/\/finkbeinerkg.de\/wp-content\/uploads\/2021\/10\/DSC08430-scaled.jpg","name":"DSC08430.jpg","meta":{"brizy_attachment_uid":"wp-2aaa6deb0e9b77f9e0d7ddc045664d27.jpg","brizy_post_uid":["fced599feb4b01547da17fe4582c9fb5"]}},{"id":2917,"url":"https:\/\/finkbeinerkg.de\/wp-content\/uploads\/2021\/10\/DSC08602-scaled.jpg","name":"DSC08602.jpg","meta":{"brizy_attachment_uid":"wp-9f3ab8cd34cd1fb4a339bc2d1844b816.jpg","brizy_post_uid":["fced599feb4b01547da17fe4582c9fb5"]}},{"id":3285,"url":"https:\/\/finkbeinerkg.de\/wp-content\/uploads\/2021\/10\/DSC02316-Bearbeitet-scaled.jpg","name":"DSC02316-Bearbeitet.jpg","meta":{"brizy_attachment_uid":"wp-343dea15614651ac1c72cb463f26e5fc.jpg","brizy_post_uid":["bc2afaf44beb9da92193f2a047b9cbb2","fced599feb4b01547da17fe4582c9fb5","df98cb56dcb0f9296acc036ddebd4174"]}},{"id":6140,"url":"https:\/\/finkbeinerkg.de\/wp-content\/uploads\/2022\/04\/DSC01327-scaled.jpg","name":"DSC01327.jpg","meta":{"brizy_attachment_uid":"wp-109dc6e86408177d4ff95c5d570414de.jpg","brizy_post_uid":["fced599feb4b01547da17fe4582c9fb5","d2b0028659c0b9384c22dc54084816a2","7e3ea6108b6cbcb230fcfd1a235caed4"]}},{"id":7512,"url":"https:\/\/finkbeinerkg.de\/wp-content\/uploads\/2022\/06\/DSC01785-scaled.jpg","name":"DSC01785.jpg","meta":{"brizy_attachment_uid":"wp-e2ced739b8b4c4c16d1b1c405edd3450.jpg","brizy_post_uid":["fced599feb4b01547da17fe4582c9fb5"]}},{"id":7576,"url":"https:\/\/finkbeinerkg.de\/wp-content\/uploads\/2022\/06\/DSC08618-scaled.jpg","name":"DSC08618.jpg","meta":{"brizy_attachment_uid":"wp-d5eabbfc6fc0aa60f2318c4994acd5b4.jpg","brizy_post_uid":["fced599feb4b01547da17fe4582c9fb5"]}}],"_links":{"self":[{"href":"https:\/\/finkbeinerkg.de\/fr\/wp-json\/wp\/v2\/pages\/1406","targetHints":{"allow":["GET"]}}],"collection":[{"href":"https:\/\/finkbeinerkg.de\/fr\/wp-json\/wp\/v2\/pages"}],"about":[{"href":"https:\/\/finkbeinerkg.de\/fr\/wp-json\/wp\/v2\/types\/page"}],"author":[{"embeddable":true,"href":"https:\/\/finkbeinerkg.de\/fr\/wp-json\/wp\/v2\/users\/1"}],"replies":[{"embeddable":true,"href":"https:\/\/finkbeinerkg.de\/fr\/wp-json\/wp\/v2\/comments?post=1406"}],"version-history":[{"count":30,"href":"https:\/\/finkbeinerkg.de\/fr\/wp-json\/wp\/v2\/pages\/1406\/revisions"}],"predecessor-version":[{"id":9122,"href":"https:\/\/finkbeinerkg.de\/fr\/wp-json\/wp\/v2\/pages\/1406\/revisions\/9122"}],"up":[{"embeddable":true,"href":"https:\/\/finkbeinerkg.de\/fr\/wp-json\/wp\/v2\/pages\/60"}],"wp:attachment":[{"href":"https:\/\/finkbeinerkg.de\/fr\/wp-json\/wp\/v2\/media?parent=1406"}],"curies":[{"name":"wp","href":"https:\/\/api.w.org\/{rel}","templated":true}]}}