{"id":284,"date":"2021-04-17T10:33:18","date_gmt":"2021-04-17T08:33:18","guid":{"rendered":"http:\/\/dev.finkbeinerkg.de\/?page_id=284"},"modified":"2026-04-29T06:41:55","modified_gmt":"2026-04-29T04:41:55","slug":"impressum","status":"publish","type":"page","link":"https:\/\/finkbeinerkg.de\/fr\/impressum\/","title":{"rendered":"Mentions l\u00e9gales"},"content":{"rendered":"<div class=\"brz brz-root__container brz-reset-all brz-root__container-page\" >\n<section id=\"ybmilpzehlzihmakxlcwgoenwaykornbgitv_ybmilpzehlzihmakxlcwgoenwaykornbgitv\" class=\"brz-section brz-css-d-section brz-css-f5utya\">\n<div class=\"brz-section__content brz-section--boxed brz-css-d-sectionitem-bg brz-css-ahsvdc\" data-brz-custom-id=\"alyqyblbsitinxpvaliwqhytxcrtxmzeusks\">\n<div class=\"brz-container brz-css-d-sectionitem-container brz-css-v1v4nc\">\n<div id=\"\" class=\"brz-css-d-wrapper brz-css-l3aqlf brz-wrapper\">\n<div class=\"brz-rich-text brz-rich-text__custom brz-css-d-richtext brz-css-1dp3nc\" data-brz-custom-id=\"etyrmsapskrttijfkqpydlleurtzmiffxgnb\">\n<div data-brz-translate-text=\"1\">\n<p class=\"brz-tp-lg-heading1 brz-css-foBQd\" data-uniq-id=\"gstjd\" data-generated-css=\"brz-css-kopkc\"><span class=\"brz-cp-color7 brz-capitalize-on\">Mentions l\u00e9gales<\/span><\/p>\n<\/div>\n<\/div>\n<\/div>\n<\/div>\n<\/div>\n<\/section>\n<section id=\"pzxrkwdukanrwrvduczwmlfokhcmoevvnzpp_pzxrkwdukanrwrvduczwmlfokhcmoevvnzpp\" class=\"brz-section brz-css-d-section brz-css-1e8pc6e\">\n<div class=\"brz-section__content brz-section--boxed brz-css-d-sectionitem-bg brz-css-lcdbrz\" data-brz-custom-id=\"mbxqfrrgmivrctbcvpiyydwmirjsixnkjafk\">\n<div class=\"brz-container brz-css-d-sectionitem-container brz-css-1s7voq\">\n<div class=\"brz-row__container brz-css-d-row-row brz-css-jtje1z\" data-brz-custom-id=\"yapkfjfsekudappsiuznswkbyyqfxvozplqm\">\n<div class=\"brz-row brz-css-d-row-container brz-css-16t70tt\">\n<div class=\"brz-columns brz-css-d-column-column brz-css-1tymigk\" data-brz-custom-id=\"ssprvcpepuikdjpzpesvvmullzmvmhjlkqae\">\n<div class=\"brz-column__items brz-css-d-column-bg brz-css-1ouxop5\">\n<div id=\"\" class=\"brz-css-d-wrapper brz-css-hxn8f1 brz-wrapper\">\n<div class=\"brz-rich-text brz-rich-text__custom brz-css-d-richtext brz-css-r5le3z\" data-brz-custom-id=\"yyrgaiimvudeluwwfqldugxfnhqekmzwznon\">\n<div data-brz-translate-text=\"1\">\n<p class=\"brz-tp-lg-paragraph brz-css-uKCJV\" data-generated-css=\"brz-css-tfV2E\" data-uniq-id=\"ptmNG\"><strong class=\"brz-cp-color7\">FINKBEINER Holzindustrie KG<\/strong><\/p>\n<p class=\"brz-tp-lg-paragraph brz-css-iGCaD\" data-generated-css=\"brz-css-tfV2E\" data-uniq-id=\"ptmNG\"><strong class=\"brz-cp-color7\">Steinbis 1<\/strong><\/p>\n<p class=\"brz-tp-lg-paragraph brz-css-l5GG0\" data-generated-css=\"brz-css-jyDA8\" data-uniq-id=\"hv3Pd\"><strong class=\"brz-cp-color7\">78098 Triberg-Steinbiss\u00e4ge <\/strong><\/p>\n<\/div>\n<\/div>\n<\/div>\n<\/div>\n<\/div>\n<div class=\"brz-columns brz-css-d-column-column brz-css-1anz3mb\" data-brz-custom-id=\"wkvdmgualvitkbatlbjmgfpfuzpvromabggb\">\n<div class=\"brz-column__items brz-css-d-column-bg brz-css-1ej36k3\">\n<div id=\"\" class=\"brz-css-d-wrapper brz-css-1t156ad brz-wrapper\">\n<div class=\"brz-rich-text brz-rich-text__custom brz-css-d-richtext brz-css-jcadza\" data-brz-custom-id=\"xpykjxpufapfqahznyrhyziiijxsynoigbwg\">\n<div data-brz-translate-text=\"1\">\n<p class=\"brz-tp-paragraph brz-css-vQ4yZ\"><strong class=\"brz-cp-color7\">T\u00e9l. : +49 (0) 77 22 \/ 96 86 0<\/strong><\/p>\n<p class=\"brz-tp-paragraph brz-css-ebCzu\"><strong class=\"brz-cp-color7\">T\u00e9l\u00e9copieur . +49 (0) 77 22 \/ 96 86 46<\/strong><\/p>\n<p class=\"brz-tp-paragraph brz-css-dCShE\"><strong class=\"brz-cp-color7\">info@finkbeinerkg.de<\/strong><\/p>\n<p class=\"brz-tp-paragraph brz-css-zpV7g\"><strong class=\"brz-cp-color7\">www.finkbeinerkg.de&nbsp;<\/strong><\/p>\n<\/div>\n<\/div>\n<\/div>\n<\/div>\n<\/div>\n<div class=\"brz-columns brz-css-d-column-column brz-css-5mc7aq\" data-brz-custom-id=\"hstcbnrslpyrnaxvsdmgpmgjppnzfzynihfp\">\n<div class=\"brz-column__items brz-css-d-column-bg brz-css-au0l6r\">\n<div id=\"\" class=\"brz-css-d-wrapper brz-css-1ojihey brz-wrapper\">\n<div class=\"brz-rich-text brz-rich-text__custom brz-css-d-richtext brz-css-19gm2v\" data-brz-custom-id=\"wfrtpwszvntdanaiqiwfbaibbtfhtaeeziol\">\n<div data-brz-translate-text=\"1\">\n<p class=\"brz-tp-paragraph brz-css-nuBX9\"><strong class=\"brz-cp-color7\">HRA 601608<\/strong><\/p>\n<p class=\"brz-tp-paragraph brz-css-ym_Cb\"><strong class=\"brz-cp-color7\">Tribunal d'instance de Freiburg i. Br.<\/strong><\/p>\n<p class=\"brz-tp-paragraph brz-css-u2c3B\"><strong class=\"brz-cp-color7\">Num\u00e9ro de TVA DE142 987 661<\/strong><strong> <\/strong><\/p>\n<\/div>\n<\/div>\n<\/div>\n<\/div>\n<\/div>\n<\/div>\n<\/div>\n<div id=\"\" class=\"brz-css-d-wrapper brz-css-mzt504 brz-wrapper\">\n<div class=\"brz-rich-text brz-rich-text__custom brz-css-d-richtext brz-css-16rtkz9\" data-brz-custom-id=\"jamcjitaouvzwuwhqhecqrgixdrlycqwwtju\">\n<div data-brz-translate-text=\"1\">\n<p class=\"brz-tp-paragraph brz-css-p7Rc1\"><strong class=\"brz-cp-color7\">Droit d'auteur<\/strong><\/p>\n<p class=\"brz-tp-paragraph brz-css-qGMdL\"><span class=\"brz-cp-color7\">Copyright 2021 by FINKBEINER KG Scierie et raboterie.<\/span><\/p>\n<p class=\"brz-tp-paragraph brz-css-meMjb\"><span class=\"brz-cp-color7\">Tous les droits sont r\u00e9serv\u00e9s. Tous les textes, images, graphiques, fichiers audio, vid\u00e9o et d'animation ainsi que leurs arrangements sont soumis au droit d'auteur et aux autres lois sur la protection de la propri\u00e9t\u00e9 intellectuelle. Il est interdit de les copier \u00e0 des fins commerciales ou de les transmettre, de les modifier et de les utiliser ou de les relier \u00e0 d'autres sites web.<\/span><\/p>\n<p class=\"brz-tp-paragraph brz-css-wuTJO\"><span class=\"brz-cp-color7\"> <\/span><\/p>\n<p class=\"brz-tp-paragraph brz-css-buCNi\"><strong class=\"brz-cp-color7\">Avis de responsabilit\u00e9<\/strong><\/p>\n<p class=\"brz-tp-paragraph brz-css-fKcwb\"><span class=\"brz-cp-color7\">FINKBEINER KG S\u00e4ge- und Hobelwerk d\u00e9clare express\u00e9ment que les pages Internet \u00e9trang\u00e8res qui sont reli\u00e9es au site de FINKBEINER KG S\u00e4ge- und Hobelwerk par des renvois directs ou indirects \u00e9taient exemptes de contenus ill\u00e9gaux ou illicites au moment de la cr\u00e9ation des liens. FINKBEINER KG S\u00e4ge- und Hobelwerk n'a aucune influence sur la conception actuelle et future et sur les contenus des pages li\u00e9es\/associ\u00e9es. C'est pourquoi nous nous distan\u00e7ons express\u00e9ment par la pr\u00e9sente de tous les contenus de toutes les pages li\u00e9es\/associ\u00e9es qui ont \u00e9t\u00e9 modifi\u00e9es apr\u00e8s l'\u00e9tablissement des liens. Seul le fournisseur de la page \u00e0 laquelle il a \u00e9t\u00e9 fait r\u00e9f\u00e9rence est responsable des contenus ill\u00e9gaux, erron\u00e9s ou incomplets et en particulier des dommages r\u00e9sultant de l'utilisation ou de la non-utilisation des informations ainsi pr\u00e9sent\u00e9es.<\/span><\/p>\n<p class=\"brz-tp-paragraph brz-css-lS_IE\"><span class=\"brz-cp-color7\"> <\/span><\/p>\n<p class=\"brz-tp-paragraph brz-css-rVGPU\"><strong class=\"brz-cp-color7\">Cr\u00e9dit photo<\/strong><\/p>\n<p class=\"brz-tp-paragraph brz-css-gcGLx\"><span class=\"brz-cp-color7\">Archives photographiques Finkbeiner KG, Archives photographiques www.wolber.eu, www.fotolia.com, Archives photographiques de la ville de Triberg www.triberg.de, Archives photographiques Moritz Huber www.moritzhuber.com<\/span><\/p>\n<p class=\"brz-tp-paragraph brz-css-pPuWI\"><span class=\"brz-cp-color7\"> <\/span><\/p>\n<p class=\"brz-tp-paragraph brz-css-nK0uU\"><strong class=\"brz-cp-color7\">D\u00e9claration de confidentialit\u00e9<\/strong><\/p>\n<p class=\"brz-tp-paragraph brz-css-tuzlc\"><span class=\"brz-cp-color7\">La protection de votre vie priv\u00e9e est tr\u00e8s importante pour nous. Nous collectons et utilisons les donn\u00e9es personnelles - si tant est qu'elles le soient - exclusivement en conformit\u00e9 avec les dispositions l\u00e9gales, en particulier la loi f\u00e9d\u00e9rale sur la protection des donn\u00e9es BDSG et la loi sur les t\u00e9l\u00e9m\u00e9dias TMG. Nous vous informons ci-apr\u00e8s de la mani\u00e8re dont nous traitons vos donn\u00e9es.<\/span><\/p>\n<p class=\"brz-tp-paragraph brz-css-sTxJr\"><span class=\"brz-cp-color7\"> <\/span><\/p>\n<p class=\"brz-tp-paragraph brz-css-ts9kH\"><strong class=\"brz-cp-color7\">Donn\u00e9es personnelles<\/strong><\/p>\n<p class=\"brz-tp-paragraph brz-css-nkmCC\"><span class=\"brz-cp-color7\">Nous ne collectons des donn\u00e9es personnelles que lorsque vous remplissez un formulaire de contact. Nous utilisons ces donn\u00e9es uniquement pour prendre contact avec vous afin de pouvoir vous fournir les informations que vous souhaitez. Nous ne transmettons vos donn\u00e9es \u00e0 personne d'autre.<\/span><\/p>\n<p class=\"brz-tp-paragraph brz-css-hlrWx\"><span class=\"brz-cp-color7\"> <\/span><\/p>\n<p class=\"brz-tp-paragraph brz-css-sVHJ5\"><strong class=\"brz-cp-color7\">Donn\u00e9es personnelles<\/strong><\/p>\n<p class=\"brz-tp-paragraph brz-css-xpz78\"><span class=\"brz-cp-color7\">Lors de la visite de notre offre Internet, le serveur Web enregistre automatiquement des donn\u00e9es d'utilisation qui n'ont toutefois aucun lien direct avec votre personne. Ces donn\u00e9es sont enregistr\u00e9es en premier lieu pour maintenir le fonctionnement de notre site et sont utilis\u00e9es en cas de besoin pour analyser les erreurs. Les donn\u00e9es de protocole sont r\u00e9guli\u00e8rement effac\u00e9es par \u00e9crasement par de nouvelles donn\u00e9es.<\/span><\/p>\n<p class=\"brz-tp-paragraph brz-css-hLXG7\"><span class=\"brz-cp-color7\"> <\/span><\/p>\n<p class=\"brz-tp-paragraph brz-css-rFmAS\"><span class=\"brz-cp-color7\">Pour am\u00e9liorer notre offre, nous utilisons PIWIK, un outil d'analyse web. Celui-ci permet, gr\u00e2ce \u00e0 l'utilisation de cookies, de cr\u00e9er des profils d'utilisateurs pseudonymes pour l'\u00e9valuation statistique du comportement des utilisateurs lors de la visite de notre site web. Les cookies sont de petits fichiers texte qui sont transf\u00e9r\u00e9s du serveur web \u00e0 votre PC lors de la visite de nos pages web et qui y sont enregistr\u00e9s. Les cookies permettent de g\u00e9n\u00e9rer des informations d'utilisation qui sont transmises \u00e0 notre serveur. Afin de prot\u00e9ger votre vie priv\u00e9e, les informations sont rendues anonymes avant d'\u00eatre transmises, en raccourcissant le dernier octet de l'adresse IP de votre PC. Si vous ne le souhaitez pas, vous pouvez configurer votre navigateur de mani\u00e8re \u00e0 ce qu'il n'accepte pas les cookies. Veuillez consulter la fonction d'aide de votre navigateur pour savoir comment r\u00e9gler la gestion des cookies de mani\u00e8re \u00e0 prot\u00e9ger au maximum votre vie priv\u00e9e.<\/span><\/p>\n<p class=\"brz-tp-paragraph brz-css-cl1Xd\"><span class=\"brz-cp-color7\"> <\/span><\/p>\n<p class=\"brz-tp-paragraph brz-css-breUe\"><strong class=\"brz-cp-color7\">D\u00e9claration de protection des donn\u00e9es pour l'utilisation des plugins Facebook (bouton \"J'aime\")<\/strong><\/p>\n<p class=\"brz-tp-paragraph brz-css-oUvtm\"><span class=\"brz-cp-color7\">Sur nos pages sont int\u00e9gr\u00e9s des plugins du r\u00e9seau social Facebook, 1601 South California Avenue, Palo Alto, CA 94304, USA. Vous reconnaissez les plugins Facebook au logo Facebook ou au bouton \"Like\" (\"J'aime\") sur notre site. Vous trouverez ici un aper\u00e7u des plugins Facebook : http:\/\/developers.facebook.com\/docs\/plugins\/ Lorsque vous visitez nos pages, une connexion directe entre votre navigateur et le serveur Facebook est \u00e9tablie via le plugin. Facebook re\u00e7oit ainsi l'information que vous avez visit\u00e9 notre site avec votre adresse IP. Si vous cliquez sur le bouton \"J'aime\" de Facebook alors que vous \u00eates connect\u00e9 \u00e0 votre compte Facebook, vous pouvez lier le contenu de nos pages \u00e0 votre profil Facebook. Facebook peut ainsi attribuer la visite de nos pages \u00e0 votre compte d'utilisateur. Nous attirons votre attention sur le fait qu'en tant que fournisseur des pages, nous n'avons pas connaissance du contenu des donn\u00e9es transmises ni de leur utilisation par Facebook. Vous trouverez de plus amples informations \u00e0 ce sujet dans la d\u00e9claration de protection des donn\u00e9es de facebook sous http:\/\/de-de.facebook.com\/policy.php<\/span><\/p>\n<p class=\"brz-tp-paragraph brz-css-bh_7b\"><span class=\"brz-cp-color7\"> <\/span><\/p>\n<p class=\"brz-tp-paragraph brz-css-mQPpX\"><span class=\"brz-cp-color7\">Si vous ne souhaitez pas que Facebook puisse attribuer la visite de nos pages \u00e0 votre compte d'utilisateur Facebook, veuillez vous d\u00e9connecter de votre compte d'utilisateur Facebook.<\/span><\/p>\n<p class=\"brz-tp-paragraph brz-css-krePs\"><span class=\"brz-cp-color7\"> <\/span><\/p>\n<p class=\"brz-tp-paragraph brz-css-oWoQB\"><span class=\"brz-cp-color7\">Source : Clause de non-responsabilit\u00e9 Facebook de eRecht24.de<\/span><\/p>\n<p class=\"brz-tp-paragraph brz-css-cJUCd\"><span class=\"brz-cp-color7\"> <\/span><\/p>\n<p class=\"brz-tp-paragraph brz-css-ezWMs\"><strong class=\"brz-cp-color7\">Entit\u00e9 responsable<\/strong><\/p>\n<p class=\"brz-tp-paragraph brz-css-yFgV5\"><span class=\"brz-cp-color7\">Le service responsable au sens de la protection des donn\u00e9es est l'entreprise indiqu\u00e9e dans les mentions l\u00e9gales. Pour toute question relative \u00e0 la protection des donn\u00e9es, veuillez vous adresser \u00e0 l'adresse qui y est indiqu\u00e9e.<\/span><\/p>\n<\/div>\n<\/div>\n<\/div>\n<\/div>\n<\/div>\n<\/section><\/div>\n<p><!-- version:1777437715 --><\/p>","protected":false},"excerpt":{"rendered":"<p>Impressum FINKBEINER Holzindustrie KG Steinbis 1 78098 Triberg-Steinbiss\u00e4ge Tel.: +49 (0) 77 22 \/ 96 86 0 Fax. +49 (0) 77 22 \/ 96 86 46 info@finkbeinerkg.de www.finkbeinerkg.de&nbsp; HRA 601608 Amtsgericht Freiburg i. Br. USt-ID-Nr. DE142 987 661 Urheberrecht Copyright 2021 by FINKBEINER KG S\u00e4ge- und Hobelwerk. Alle Rechte vorbehalten. Alle Texte, Bilder, Grafiken, Ton-, &hellip; <\/p>\n<p class=\"link-more\"><a href=\"https:\/\/finkbeinerkg.de\/fr\/impressum\/\" class=\"more-link\">Continuer la lecture <span class=\"screen-reader-text\"> \" Mentions l\u00e9gales \"<\/span><\/a><\/p>","protected":false},"author":1,"featured_media":0,"parent":0,"menu_order":0,"comment_status":"closed","ping_status":"closed","template":"brizy-blank-template.php","meta":{"footnotes":""},"class_list":["post-284","page","type-page","status-publish","hentry","entry"],"brizy_media":[],"_links":{"self":[{"href":"https:\/\/finkbeinerkg.de\/fr\/wp-json\/wp\/v2\/pages\/284","targetHints":{"allow":["GET"]}}],"collection":[{"href":"https:\/\/finkbeinerkg.de\/fr\/wp-json\/wp\/v2\/pages"}],"about":[{"href":"https:\/\/finkbeinerkg.de\/fr\/wp-json\/wp\/v2\/types\/page"}],"author":[{"embeddable":true,"href":"https:\/\/finkbeinerkg.de\/fr\/wp-json\/wp\/v2\/users\/1"}],"replies":[{"embeddable":true,"href":"https:\/\/finkbeinerkg.de\/fr\/wp-json\/wp\/v2\/comments?post=284"}],"version-history":[{"count":13,"href":"https:\/\/finkbeinerkg.de\/fr\/wp-json\/wp\/v2\/pages\/284\/revisions"}],"predecessor-version":[{"id":14053,"href":"https:\/\/finkbeinerkg.de\/fr\/wp-json\/wp\/v2\/pages\/284\/revisions\/14053"}],"wp:attachment":[{"href":"https:\/\/finkbeinerkg.de\/fr\/wp-json\/wp\/v2\/media?parent=284"}],"curies":[{"name":"wp","href":"https:\/\/api.w.org\/{rel}","templated":true}]}}