{"id":3560,"date":"2021-10-26T16:07:10","date_gmt":"2021-10-26T14:07:10","guid":{"rendered":"http:\/\/dev.finkbeinerkg.de\/?page_id=3560"},"modified":"2026-05-06T18:02:32","modified_gmt":"2026-05-06T16:02:32","slug":"dielen-bretter","status":"publish","type":"page","link":"https:\/\/finkbeinerkg.de\/fr\/produkte\/dielen-bretter\/","title":{"rendered":"Planches &amp; lames"},"content":{"rendered":"<div class=\"brz-root__container brz-reset-all brz brz-root__container-page\">\n<section id=\"_zirdjsjknxboaxyyqfejpechmcmxctcrhkjc\" class=\"brz-section brz-css-1svb9aa\">\n<div class=\"brz-section__content brz-section--boxed brz-css-csjjad brz-css-1oayuvx\" data-brz-custom-id=\"xhyztewoucxyeesfsnaeidmzniiqxnxizhtv\">\n<div class=\"brz-container brz-css-kaogut\">\n<div class=\"brz-row__container brz-css-pk6h5o\" data-brz-custom-id=\"ubufhqdrzxwieambfgkempuyxtfaqzlaettl\">\n<div class=\"brz-bg\"><\/div>\n<div class=\"brz-row brz-css-b46o2h brz-css-1m47edt\">\n<div class=\"brz-columns brz-css-1qeddzc brz-css-q2nq8q\" data-brz-custom-id=\"nrowknhkpraeszdthicffcyvwnnjllweunmz\">\n<div class=\"brz-bg\"><\/div>\n<div class=\"brz-column__items brz-css-1ddg5md brz-css-1a5y2cz\">\n<div id=\"\" class=\"brz-css-7v3asq brz-css-jf8f57 brz-wrapper\">\n<div class=\"brz-rich-text brz-rich-text__custom brz-css-8382nm\" data-brz-custom-id=\"ntxpqaysuothdxkevzdyeitzvusixfiwxvnv\">\n<div data-brz-translate-text=\"1\">\n<h2 data-uniq-id=\"rewux\" data-generated-css=\"brz-css-wxmic\" class=\"brz-ls-lg-0 brz-lh-lg-1_3 brz-ff-inter brz-ft-google brz-fs-lg-48 brz-fss-lg-px brz-fw-lg-900 brz-mb-lg-19 brz-tp-lg-heading2 brz-css-gOAE2\"><span class=\"brz-cp-color7\">TROUVEZ LE BON PRODUIT DANS NOTRE ASSORTIMENT<\/span><\/h2>\n<\/div>\n<\/div>\n<\/div>\n<div id=\"\" class=\"brz-css-7v3asq brz-wrapper\">\n<div class=\"brz-rich-text brz-rich-text__custom brz-css-8382nm\" data-brz-custom-id=\"nhjypjmkkpdetybfrwuctuumrjyvjelghxwn\">\n<div data-brz-translate-text=\"1\">\n<p class=\"brz-tp-lg-paragraph brz-mb-lg-15 brz-css-hGurw\" data-uniq-id=\"zhtdf\" data-generated-css=\"brz-css-qmovh\"><span class=\"brz-cp-color7\">Si vous avez des questions ou si vous avez d\u00e9j\u00e0 trouv\u00e9 le produit qui vous convient, vous pouvez envoyer une demande ici ou contacter directement l'un de nos conseillers. <\/span><a class=\"brz-cp-color7 link--anchor\" href=\"#_klypnosumnblcimnfvbyjnsxunwzjhzygdcp\" data-brz-link-type=\"anchor\"><u>Personne de contact<\/u> <\/a><span class=\"brz-cp-color7\">discuter de votre demande.<\/span><\/p>\n<\/div>\n<\/div>\n<\/div>\n<div class=\"brz-wrapper-clone brz-css-1jywe8g\">\n<div class=\"brz-d-xs-flex brz-flex-xs-wrap brz-css-1lmox5o brz-css-6ojc1t\" data-brz-custom-id=\"\">\n<div class=\"brz-wrapper-clone__item\" id=\"hrapzqtlbqrpzzxoqwjpqnaglfvritdibnpy\"><a class=\"brz-a brz-btn brz-css-19wdccj brz-css-1f4lt7d brz-css-1d3gz9k brz-css-9g3rmt\" href=\"\/fr\/produkte\/#produktanfrage\" target=\"_self\" rel=\"noopener\" data-brz-link-type=\"external\" data-brz-custom-id=\"hrapzqtlbqrpzzxoqwjpqnaglfvritdibnpy\"><span data-brz-translate-text=\"1\" class=\"brz-span brz-text__editor\">FAIRE UNE DEMANDE<\/span><\/a><\/div>\n<\/div>\n<\/div>\n<\/div>\n<\/div>\n<div class=\"brz-columns brz-css-1qeddzc brz-css-1mqmx58\" data-brz-custom-id=\"kftiuzcdchalmgsbtoteadpfozvexpfhetng\">\n<div class=\"brz-bg\"><\/div>\n<div class=\"brz-column__items brz-css-1ddg5md brz-css-1gp9p7b\">\n<div id=\"\" class=\"brz-css-7v3asq brz-css-1eltb4s brz-wrapper\">\n<div class=\"brz-carousel brz-css-kel946 brz-css-yn7z1t\" data-brz-custom-id=\"parumcbductljmsatkywcujpukhtdvbhqpfp\">\n<div class=\"brz-carousel__slider\" data-slides-to-show=\"1\" data-slides-to-scroll=\"1\" data-arrows=\"true\" data-dots=\"true\" data-dots-class=\"brz-slick-slider__dots brz-slick-slider__dots--square\" data-auto-play=\"true\" data-auto-play-speed=\"4000\" data-swipe=\"true\" data-fade=\"false\" data-transition-speed=\"3.5\" data-responsive=\"%5B%7B%22breakpoint%22%3A991%2C%22settings%22%3A%7B%22slidesToShow%22%3A2%2C%22slidesToScroll%22%3A1%7D%7D%2C%7B%22breakpoint%22%3A767%2C%22settings%22%3A%7B%22slidesToShow%22%3A1%2C%22slidesToScroll%22%3A1%7D%7D%5D\">\n<div class=\"brz-carousel__item\">\n<div class=\"brz-columns brz-css-1qeddzc brz-css-fuf5q8\" data-brz-custom-id=\"traexcoeecnibuwurxmzwctnezcurrwitmtt\">\n<div class=\"brz-bg\"><\/div>\n<div class=\"brz-column__items brz-css-1ddg5md brz-css-ohexa8\">\n<div id=\"\" class=\"brz-css-7v3asq brz-css-1f4oio9 brz-wrapper\">\n<div class=\"brz-image brz-css-1xuzlyq\" data-brz-custom-id=\"fyczamqqxflummwgbrtzmspwxrevmxzbougl\"><img decoding=\"async\" class=\"brz-img\" src=\"https:\/\/finkbeinerkg.de\/wp-content\/uploads\/brizy\/imgs\/DSC02321-Bearbeitet-scaled-539x360x0x0x539x360x1655487400.jpg\" alt=\"\" loading=\"lazy\"><\/div>\n<\/div>\n<\/div>\n<\/div>\n<\/div>\n<div class=\"brz-carousel__item\">\n<div class=\"brz-columns brz-css-1qeddzc brz-css-fuf5q8\" data-brz-custom-id=\"vwqpkwqafxrglqufutiraxljnnlyphwypvjj\">\n<div class=\"brz-bg\"><\/div>\n<div class=\"brz-column__items brz-css-1ddg5md brz-css-maa0y1\">\n<div id=\"\" class=\"brz-css-7v3asq brz-css-1aekm50 brz-wrapper\">\n<div class=\"brz-image brz-css-1or9q3x\" data-brz-custom-id=\"dvopfaxtfgsxwwwxguwfemfdrsoogvoiqbao\"><img decoding=\"async\" class=\"brz-img\" src=\"https:\/\/finkbeinerkg.de\/wp-content\/uploads\/brizy\/imgs\/DSC02350-Bearbeitet-scaled-539x360x0x0x539x360x1655487400.jpg\" alt=\"\" loading=\"lazy\"><\/div>\n<\/div>\n<\/div>\n<\/div>\n<\/div>\n<div class=\"brz-carousel__item\">\n<div class=\"brz-columns brz-css-1qeddzc brz-css-fuf5q8\" data-brz-custom-id=\"qstinbrrfnbmogqskhusssypmjchsptefdyr\">\n<div class=\"brz-bg\"><\/div>\n<div class=\"brz-column__items brz-css-1ddg5md brz-css-1q7qkyg\">\n<div id=\"\" class=\"brz-css-7v3asq brz-css-1r938dp brz-wrapper\">\n<div class=\"brz-image brz-css-yjea0k\" data-brz-custom-id=\"cgddrtctnawdolnwvunghxpeqeyezbrvgkqi\"><img decoding=\"async\" class=\"brz-img\" src=\"https:\/\/finkbeinerkg.de\/wp-content\/uploads\/brizy\/imgs\/DSC02320-Bearbeitet-scaled-539x360x0x0x539x360x1655487400.jpg\" alt=\"\" loading=\"lazy\"><\/div>\n<\/div>\n<\/div>\n<\/div>\n<\/div>\n<\/div>\n<\/div>\n<\/div>\n<\/div>\n<\/div>\n<\/div>\n<\/div>\n<\/div>\n<\/div>\n<\/section>\n<section id=\"_cdmntfmtyuyxflqkzkcrwetvlujrlnxobzvo\" class=\"brz-section brz-css-1svb9aa\">\n<div class=\"brz-section__content brz-section--boxed brz-css-csjjad brz-css-14fh6dr\" data-brz-custom-id=\"phibhepafpnrjyxfaesodanhtevaknuxewon\">\n<div class=\"brz-bg\">\n<div class=\"brz-bg-color\"><\/div>\n<\/div>\n<div class=\"brz-container brz-css-kaogut\">\n<div id=\"\" class=\"brz-css-7v3asq brz-css-3buvq8 brz-wrapper\">\n<div class=\"brz-rich-text brz-rich-text__custom brz-css-8382nm\" data-brz-custom-id=\"xiypyzhqdhzngwtjumnoohqxffmgrqnalila\">\n<div data-brz-translate-text=\"1\">\n<h1 class=\"brz-mb-lg-19 brz-fw-lg-900 brz-fss-lg-px brz-fs-lg-48 brz-ft-google brz-ff-inter brz-lh-lg-1_3 brz-ls-lg-0 brz-tp-lg-heading1 brz-css-axEfa\" data-generated-css=\"brz-css-nirsm\" data-uniq-id=\"hbrwk\"><span class=\"brz-cp-color7 brz-capitalize-on\">Gamme de produits<\/span><\/h1>\n<\/div>\n<\/div>\n<\/div>\n<div class=\"brz-row__container brz-css-pk6h5o\" data-brz-custom-id=\"wtzvwnnxjakvteaviydyedunwhgneypqwuwz\">\n<div class=\"brz-bg\"><\/div>\n<div class=\"brz-row brz-css-b46o2h brz-css-1m47edt\">\n<div class=\"brz-columns brz-css-1qeddzc brz-css-1e46jcw\" data-brz-custom-id=\"nhejjkliefrmcyzssdfccnbwkfocjurxrfwj\">\n<div class=\"brz-bg\"><\/div>\n<div class=\"brz-column__items brz-css-1ddg5md brz-css-19yno6f\">\n<div class=\"brz-row__container brz-css-pk6h5o\" data-brz-custom-id=\"xamesvtstapiwymiefyptoabegwopzccqmvt\">\n<div class=\"brz-bg\"><\/div>\n<div class=\"brz-row brz-row--inner brz-css-b46o2h\">\n<div class=\"brz-columns brz-css-1qeddzc brz-css-1eifqyc\" data-brz-custom-id=\"ncjtpsqnnccrhhvhmteyopngdpeqqfobehtl\">\n<div class=\"brz-bg\"><\/div>\n<div class=\"brz-column__items brz-css-1ddg5md\">\n<div class=\"brz-wrapper-clone brz-css-1jywe8g\">\n<div class=\"brz-d-xs-flex brz-flex-xs-wrap brz-css-1lmox5o\" data-brz-custom-id=\"\">\n<div class=\"brz-wrapper-clone__item\" id=\"fxkndghawnkojxwxeufmwminrazgljtcxcum\">\n<div class=\"brz-icon__container\" data-brz-custom-id=\"fxkndghawnkojxwxeufmwminrazgljtcxcum\"><span class=\"brz-icon brz-span brz-css-1qc8dqv brz-css-1fid5un\"><\/span><\/div>\n<\/div>\n<\/div>\n<\/div>\n<\/div>\n<\/div>\n<div class=\"brz-columns brz-css-1qeddzc brz-css-iqdbpb\" data-brz-custom-id=\"abhgjucvjaklsvchwdscjqhzkhacetrsiawm\">\n<div class=\"brz-bg\"><\/div>\n<div class=\"brz-column__items brz-css-1ddg5md\">\n<div id=\"\" class=\"brz-css-7v3asq brz-wrapper\">\n<div class=\"brz-rich-text brz-rich-text__custom brz-css-8382nm\" data-brz-custom-id=\"pywrngcctqsasulzjtjszsgfvgfxngsalqsn\">\n<div data-brz-translate-text=\"1\">\n<p class=\"brz-tp-lg-heading5 brz-css-qwCMB\" data-generated-css=\"brz-css-ijinu\" data-uniq-id=\"rmhqn\"><strong class=\"brz-cp-color7\">Planches<\/strong><\/p>\n<\/div>\n<\/div>\n<\/div>\n<\/div>\n<\/div>\n<\/div>\n<\/div>\n<div class=\"brz-row__container brz-css-pk6h5o\" data-brz-custom-id=\"abypqqncdfjjdfvplhcafspyyxpxvkmqgomp\">\n<div class=\"brz-bg\"><\/div>\n<div class=\"brz-row brz-row--inner brz-css-b46o2h\">\n<div class=\"brz-columns brz-css-1qeddzc brz-css-1judrf7\" data-brz-custom-id=\"hlhddcsvjzvzsgeyefjekykjhsuwlinuneop\">\n<div class=\"brz-bg\"><\/div>\n<div class=\"brz-column__items brz-css-1ddg5md\">\n<div class=\"brz-wrapper-clone brz-css-1jywe8g\">\n<div class=\"brz-d-xs-flex brz-flex-xs-wrap brz-css-1lmox5o\" data-brz-custom-id=\"\">\n<div class=\"brz-wrapper-clone__item\" id=\"hgezkevuvjuvuutlinvzhztangghiytkicrv\">\n<div class=\"brz-icon__container\" data-brz-custom-id=\"hgezkevuvjuvuutlinvzhztangghiytkicrv\"><span class=\"brz-icon brz-span brz-css-1qc8dqv brz-css-irn6gp\"><\/span><\/div>\n<\/div>\n<\/div>\n<\/div>\n<\/div>\n<\/div>\n<div class=\"brz-columns brz-css-1qeddzc brz-css-v05tpp\" data-brz-custom-id=\"kgggsbzhjfujetyuzforuafkxdddqyxkzmml\">\n<div class=\"brz-bg\"><\/div>\n<div class=\"brz-column__items brz-css-1ddg5md\">\n<div id=\"\" class=\"brz-css-7v3asq brz-wrapper\">\n<div class=\"brz-rich-text brz-rich-text__custom brz-css-8382nm\" data-brz-custom-id=\"zoaiilwnerjtzwkfygrgyhuykoqwvgyuvnnc\">\n<div data-brz-translate-text=\"1\">\n<p class=\"brz-tp-lg-heading5 brz-css-ddnl_\" data-uniq-id=\"aqcgz\" data-generated-css=\"brz-css-ldosh\"><strong>Lamelles de bois lamell\u00e9-coll\u00e9<\/strong><\/p>\n<\/div>\n<\/div>\n<\/div>\n<\/div>\n<\/div>\n<\/div>\n<\/div>\n<div class=\"brz-row__container brz-css-pk6h5o\" data-brz-custom-id=\"wtxdmisnmofygyrppjynsqqqzopsxayoywxi\">\n<div class=\"brz-bg\"><\/div>\n<div class=\"brz-row brz-row--inner brz-css-b46o2h\">\n<div class=\"brz-columns brz-css-1qeddzc brz-css-51nbr\" data-brz-custom-id=\"pkayrllfugdwfobyodrmxxvlmdwshsldjiil\">\n<div class=\"brz-bg\"><\/div>\n<div class=\"brz-column__items brz-css-1ddg5md\">\n<div class=\"brz-wrapper-clone brz-css-1jywe8g\">\n<div class=\"brz-d-xs-flex brz-flex-xs-wrap brz-css-1lmox5o\" data-brz-custom-id=\"\">\n<div class=\"brz-wrapper-clone__item\" id=\"ehkucxtcismplvcvyxekxdcakgbicgqacbux\">\n<div class=\"brz-icon__container\" data-brz-custom-id=\"ehkucxtcismplvcvyxekxdcakgbicgqacbux\"><span class=\"brz-icon brz-span brz-css-1qc8dqv brz-css-19sdszi\"><\/span><\/div>\n<\/div>\n<\/div>\n<\/div>\n<\/div>\n<\/div>\n<div class=\"brz-columns brz-css-1qeddzc brz-css-18ird5m\" data-brz-custom-id=\"xvjaevjxydmqqdalwyvjosbclssvvpsqkmtw\">\n<div class=\"brz-bg\"><\/div>\n<div class=\"brz-column__items brz-css-1ddg5md\">\n<div id=\"\" class=\"brz-css-7v3asq brz-wrapper\">\n<div class=\"brz-rich-text brz-rich-text__custom brz-css-8382nm\" data-brz-custom-id=\"ywgqztfeztjxhuusbmuhlwmqlmwemcmdibsu\">\n<div data-brz-translate-text=\"1\">\n<p class=\"brz-tp-lg-heading5 brz-css-fUrHe\" data-uniq-id=\"rogbg\" data-generated-css=\"brz-css-ugksl\"><strong>Planches tri\u00e9es sur le volet dans les \u00e9paisseurs<\/strong><\/p>\n<p class=\"brz-tp-lg-heading5 brz-css-fuJhs\" data-uniq-id=\"wleir\" data-generated-css=\"brz-css-mpkfw\"><strong>18, 22, 25 mm<\/strong><\/p>\n<\/div>\n<\/div>\n<\/div>\n<\/div>\n<\/div>\n<\/div>\n<\/div>\n<\/div>\n<\/div>\n<div class=\"brz-columns brz-css-1qeddzc brz-css-1izn0s3\" data-brz-custom-id=\"xhamnjzvynnqlezwfsxclvftrsjzrfbrfxvk\">\n<div class=\"brz-bg\"><\/div>\n<div class=\"brz-column__items brz-css-1ddg5md brz-css-3fneoq\">\n<div class=\"brz-row__container brz-css-pk6h5o\" data-brz-custom-id=\"xkxamicydgvbjukyrrrmqipadwboxqyptoxl\">\n<div class=\"brz-bg\"><\/div>\n<div class=\"brz-row brz-row--inner brz-css-b46o2h\">\n<div class=\"brz-columns brz-css-1qeddzc brz-css-cf7f2g\" data-brz-custom-id=\"iiuxlalocuwfdmogalzmlvehkwkqdavwtjoe\">\n<div class=\"brz-bg\"><\/div>\n<div class=\"brz-column__items brz-css-1ddg5md\">\n<div class=\"brz-wrapper-clone brz-css-1jywe8g\">\n<div class=\"brz-d-xs-flex brz-flex-xs-wrap brz-css-1lmox5o\" data-brz-custom-id=\"\">\n<div class=\"brz-wrapper-clone__item\" id=\"xrajizcvjuoflktoodkhwdyfopdajatsfulv\">\n<div class=\"brz-icon__container\" data-brz-custom-id=\"xrajizcvjuoflktoodkhwdyfopdajatsfulv\"><span class=\"brz-icon brz-span brz-css-1qc8dqv brz-css-1bstg15\"><\/span><\/div>\n<\/div>\n<\/div>\n<\/div>\n<\/div>\n<\/div>\n<div class=\"brz-columns brz-css-1qeddzc brz-css-1gn9cot\" data-brz-custom-id=\"iqbvthgbdxqpkzkjmdnbaqavxuqpkwaevxxt\">\n<div class=\"brz-bg\"><\/div>\n<div class=\"brz-column__items brz-css-1ddg5md\">\n<div id=\"\" class=\"brz-css-7v3asq brz-wrapper\">\n<div class=\"brz-rich-text brz-rich-text__custom brz-css-8382nm\" data-brz-custom-id=\"diojwfpifegnvpjcatbjmyxbkvjsiidnnmqp\">\n<div data-brz-translate-text=\"1\">\n<p class=\"brz-tp-lg-heading5 brz-css-c3EKQ\" data-generated-css=\"brz-css-zlcxz\" data-uniq-id=\"uhqgo\"><strong>Planches<\/strong><\/p>\n<\/div>\n<\/div>\n<\/div>\n<\/div>\n<\/div>\n<\/div>\n<\/div>\n<div class=\"brz-row__container brz-css-pk6h5o\" data-brz-custom-id=\"sgfibmfeecwjdljeszomqzrfxkijhcgnrmla\">\n<div class=\"brz-bg\"><\/div>\n<div class=\"brz-row brz-row--inner brz-css-b46o2h\">\n<div class=\"brz-columns brz-css-1qeddzc brz-css-1jxhtp7\" data-brz-custom-id=\"ntrwtybrungfvqisxipqfofcnhlrzwdczzss\">\n<div class=\"brz-bg\"><\/div>\n<div class=\"brz-column__items brz-css-1ddg5md\">\n<div class=\"brz-wrapper-clone brz-css-1jywe8g\">\n<div class=\"brz-d-xs-flex brz-flex-xs-wrap brz-css-1lmox5o\" data-brz-custom-id=\"\">\n<div class=\"brz-wrapper-clone__item\" id=\"glqjjktbkhdvzfuwfttezadkdfetcguadylz\">\n<div class=\"brz-icon__container\" data-brz-custom-id=\"glqjjktbkhdvzfuwfttezadkdfetcguadylz\"><span class=\"brz-icon brz-span brz-css-1qc8dqv brz-css-w8jq6h\"><\/span><\/div>\n<\/div>\n<\/div>\n<\/div>\n<\/div>\n<\/div>\n<div class=\"brz-columns brz-css-1qeddzc brz-css-ik8rtr\" data-brz-custom-id=\"fwpuxvcwtvduvynjytgcxmqoakkbviurelxe\">\n<div class=\"brz-bg\"><\/div>\n<div class=\"brz-column__items brz-css-1ddg5md\">\n<div id=\"\" class=\"brz-css-7v3asq brz-wrapper\">\n<div class=\"brz-rich-text brz-rich-text__custom brz-css-8382nm\" data-brz-custom-id=\"quewjhrdjthwlxkhzfxamygxfbwqvctsczlv\">\n<div data-brz-translate-text=\"1\">\n<p class=\"brz-tp-lg-heading5 brz-css-stEoI\" data-generated-css=\"brz-css-pzgxs\" data-uniq-id=\"eteta\"><strong>Planches de fermes clou\u00e9es (Fermette)<\/strong><\/p>\n<\/div>\n<\/div>\n<\/div>\n<\/div>\n<\/div>\n<\/div>\n<\/div>\n<div class=\"brz-row__container brz-css-pk6h5o\" data-brz-custom-id=\"cnplonytnmrearvtsvbefpzaekxlhdfbxotw\">\n<div class=\"brz-bg\"><\/div>\n<div class=\"brz-row brz-row--inner brz-css-b46o2h\">\n<div class=\"brz-columns brz-css-1qeddzc brz-css-1w9wm2s\" data-brz-custom-id=\"qryllchwnilewephdvufjeqaxgkssninhsed\">\n<div class=\"brz-bg\"><\/div>\n<div class=\"brz-column__items brz-css-1ddg5md\">\n<div class=\"brz-wrapper-clone brz-css-1jywe8g\">\n<div class=\"brz-d-xs-flex brz-flex-xs-wrap brz-css-1lmox5o\" data-brz-custom-id=\"\">\n<div class=\"brz-wrapper-clone__item\" id=\"unebrmcerdyxinjpsqbfvpwfnkldiodbygeg\">\n<div class=\"brz-icon__container\" data-brz-custom-id=\"unebrmcerdyxinjpsqbfvpwfnkldiodbygeg\"><span class=\"brz-icon brz-span brz-css-1qc8dqv brz-css-hffmh6\"><\/span><\/div>\n<\/div>\n<\/div>\n<\/div>\n<\/div>\n<\/div>\n<div class=\"brz-columns brz-css-1qeddzc brz-css-1xinbw4\" data-brz-custom-id=\"soonbopcbqwcfxqvfymeajgxtzbdggwndvsl\">\n<div class=\"brz-bg\"><\/div>\n<div class=\"brz-column__items brz-css-1ddg5md\">\n<div id=\"\" class=\"brz-css-7v3asq brz-wrapper\">\n<div class=\"brz-rich-text brz-rich-text__custom brz-css-8382nm\" data-brz-custom-id=\"mvnidwsisfccxzkipmxoephvepzqspgpjnax\">\n<div data-brz-translate-text=\"1\">\n<p class=\"brz-tp-lg-heading5 brz-css-gJYtZ\" data-uniq-id=\"qqqdr\" data-generated-css=\"brz-css-qqkrg\"><strong>Planches de goutti\u00e8re<\/strong><\/p>\n<\/div>\n<\/div>\n<\/div>\n<\/div>\n<\/div>\n<\/div>\n<\/div>\n<\/div>\n<\/div>\n<\/div>\n<\/div>\n<\/div>\n<\/div>\n<\/section>\n<\/div>\n<p>    <!-- version:1736977732 --><\/p>","protected":false},"excerpt":{"rendered":"<p>TROUVEZ LE BON PRODUIT DANS NOTRE ASSORTIMENT Si vous avez des questions ou si vous avez d\u00e9j\u00e0 trouv\u00e9 le produit qui vous convient, vous pouvez poser une question ici ou discuter directement de votre demande avec l'un de nos interlocuteurs. POSEZ UNE DEMANDE Assortiment de planches Lamelles de bois lamell\u00e9-coll\u00e9 Planches tri\u00e9es par largeur dans les \u00e9paisseurs 18, 22, 25 mm Planches de bois lamell\u00e9-coll\u00e9 (Fermette) Planches d'\u00e9gout<\/p>","protected":false},"author":1,"featured_media":0,"parent":60,"menu_order":1,"comment_status":"closed","ping_status":"closed","template":"brizy-blank-template.php","meta":{"footnotes":""},"class_list":["post-3560","page","type-page","status-publish","hentry","entry"],"brizy_media":[{"id":2432,"url":"https:\/\/finkbeinerkg.de\/wp-content\/uploads\/2021\/10\/DSC02320-Bearbeitet-scaled.jpg","name":"DSC02320-Bearbeitet.jpg","meta":{"brizy_attachment_uid":"wp-ef1abb7a176a7857a6b081c594ddadb6.jpg","brizy_post_uid":["bc2afaf44beb9da92193f2a047b9cbb2","fced599feb4b01547da17fe4582c9fb5","e241b40f540eb1f4e9bde0f25c002d68","df98cb56dcb0f9296acc036ddebd4174"]}},{"id":3286,"url":"https:\/\/finkbeinerkg.de\/wp-content\/uploads\/2021\/10\/DSC02321-Bearbeitet-scaled.jpg","name":"DSC02321-Bearbeitet.jpg","meta":{"brizy_attachment_uid":"wp-c5069d7cee74099ac09c6b6e0a7f0e84.jpg","brizy_post_uid":["e241b40f540eb1f4e9bde0f25c002d68","df98cb56dcb0f9296acc036ddebd4174"]}},{"id":3288,"url":"https:\/\/finkbeinerkg.de\/wp-content\/uploads\/2021\/10\/DSC02350-Bearbeitet-scaled.jpg","name":"DSC02350-Bearbeitet.jpg","meta":{"brizy_attachment_uid":"wp-4fbece8fa77b125a3da74d966279145a.jpg","brizy_post_uid":["e241b40f540eb1f4e9bde0f25c002d68"]}}],"_links":{"self":[{"href":"https:\/\/finkbeinerkg.de\/fr\/wp-json\/wp\/v2\/pages\/3560","targetHints":{"allow":["GET"]}}],"collection":[{"href":"https:\/\/finkbeinerkg.de\/fr\/wp-json\/wp\/v2\/pages"}],"about":[{"href":"https:\/\/finkbeinerkg.de\/fr\/wp-json\/wp\/v2\/types\/page"}],"author":[{"embeddable":true,"href":"https:\/\/finkbeinerkg.de\/fr\/wp-json\/wp\/v2\/users\/1"}],"replies":[{"embeddable":true,"href":"https:\/\/finkbeinerkg.de\/fr\/wp-json\/wp\/v2\/comments?post=3560"}],"version-history":[{"count":15,"href":"https:\/\/finkbeinerkg.de\/fr\/wp-json\/wp\/v2\/pages\/3560\/revisions"}],"predecessor-version":[{"id":9382,"href":"https:\/\/finkbeinerkg.de\/fr\/wp-json\/wp\/v2\/pages\/3560\/revisions\/9382"}],"up":[{"embeddable":true,"href":"https:\/\/finkbeinerkg.de\/fr\/wp-json\/wp\/v2\/pages\/60"}],"wp:attachment":[{"href":"https:\/\/finkbeinerkg.de\/fr\/wp-json\/wp\/v2\/media?parent=3560"}],"curies":[{"name":"wp","href":"https:\/\/api.w.org\/{rel}","templated":true}]}}