{"id":3583,"date":"2021-10-26T16:17:53","date_gmt":"2021-10-26T14:17:53","guid":{"rendered":"http:\/\/dev.finkbeinerkg.de\/?page_id=3583"},"modified":"2026-04-07T15:08:18","modified_gmt":"2026-04-07T13:08:18","slug":"rahmen-latten","status":"publish","type":"page","link":"https:\/\/finkbeinerkg.de\/fr\/produkte\/rahmen-latten\/","title":{"rendered":"Cadre &amp; lattes"},"content":{"rendered":"<div class=\"brz-root__container brz-reset-all brz brz-root__container-page\">\n<section id=\"_delpxcnucjrbgqmuegyzbulkwevrpecuenzo\" class=\"brz-section brz-css-1qamjgu\">\n<div class=\"brz-section__content brz-section--boxed brz-css-ncxpnv brz-css-14kqrsz\" data-brz-custom-id=\"vtokyohwqoiilfufkciikrlkiynggeuhqyma\">\n<div class=\"brz-container brz-css-1ihzvvo\">\n<div class=\"brz-row__container brz-css-1kmj1r1\" data-brz-custom-id=\"ihripzzqssdmnnwncxyoyizjmhhgllvattzh\">\n<div class=\"brz-bg\"><\/div>\n<div class=\"brz-row brz-css-vk0e4n brz-css-3qncb0\">\n<div class=\"brz-columns brz-css-cxzxl0 brz-css-izvcrq\" data-brz-custom-id=\"hkroloxhvksvxkliydxlmacxtiflqlgceefa\">\n<div class=\"brz-bg\"><\/div>\n<div class=\"brz-column__items brz-css-1p9jvio brz-css-crgztr\">\n<div id=\"\" class=\"brz-css-vt1zm9 brz-css-g7w4pl brz-wrapper\">\n<div class=\"brz-rich-text brz-rich-text__custom brz-css-m4d0p9\" data-brz-custom-id=\"sdjepsdzkntxbhmgjbptjaamhpmrmgewmnck\">\n<div data-brz-translate-text=\"1\">\n<h2 data-uniq-id=\"rewux\" data-generated-css=\"brz-css-wxmic\" class=\"brz-ls-lg-0 brz-lh-lg-1_3 brz-ff-inter brz-ft-google brz-fs-lg-48 brz-fss-lg-px brz-fw-lg-900 brz-mb-lg-19 brz-tp-lg-heading2 brz-css-cSJ3a\"><span class=\"brz-cp-color7\">TROUVEZ LE BON PRODUIT DANS NOTRE ASSORTIMENT<\/span><\/h2>\n<\/div>\n<\/div>\n<\/div>\n<div id=\"\" class=\"brz-css-vt1zm9 brz-wrapper\">\n<div class=\"brz-rich-text brz-rich-text__custom brz-css-m4d0p9\" data-brz-custom-id=\"fctjajptpxfeeeagzzmdbabsmteybtbwmntc\">\n<div data-brz-translate-text=\"1\">\n<p class=\"brz-tp-lg-paragraph brz-mb-lg-15 brz-css-buj67\" data-uniq-id=\"zhtdf\" data-generated-css=\"brz-css-qmovh\"><span class=\"brz-cp-color7\">Si vous avez des questions ou si vous avez d\u00e9j\u00e0 trouv\u00e9 le produit qui vous convient, vous pouvez envoyer une demande ici ou contacter directement l'un de nos conseillers. <\/span><a class=\"brz-cp-color7 link--anchor\" href=\"#_klypnosumnblcimnfvbyjnsxunwzjhzygdcp\" data-brz-link-type=\"anchor\"><u>Personne de contact<\/u> <\/a><span class=\"brz-cp-color7\">discuter de votre demande.<\/span><\/p>\n<\/div>\n<\/div>\n<\/div>\n<div class=\"brz-wrapper-clone brz-css-lv8u7t\">\n<div class=\"brz-d-xs-flex brz-flex-xs-wrap brz-css-105nt3x brz-css-7fcmwv\" data-brz-custom-id=\"\">\n<div class=\"brz-wrapper-clone__item\" id=\"optrtsyczurgzyuwuydtksmhzjqrdlcrrzip\"><a class=\"brz-a brz-btn brz-css-vaovpo brz-css-ss642x brz-css-h6e5h1 brz-css-1ouq5a1\" href=\"\/fr\/produkte\/#produktanfrage\" target=\"_self\" rel=\"noopener\" data-brz-link-type=\"external\" data-brz-custom-id=\"optrtsyczurgzyuwuydtksmhzjqrdlcrrzip\"><span data-brz-translate-text=\"1\" class=\"brz-span brz-text__editor\">FAIRE UNE DEMANDE<\/span><\/a><\/div>\n<\/div>\n<\/div>\n<\/div>\n<\/div>\n<div class=\"brz-columns brz-css-cxzxl0 brz-css-1rj5r1f\" data-brz-custom-id=\"dealygfkvwgwgafgymvkfazfmfarxjtosbml\">\n<div class=\"brz-bg\"><\/div>\n<div class=\"brz-column__items brz-css-1p9jvio brz-css-7334ld\">\n<div id=\"\" class=\"brz-css-vt1zm9 brz-css-b143hz brz-wrapper\">\n<div class=\"brz-carousel brz-css-zmj25c brz-css-zv5chp\" data-brz-custom-id=\"eshapxwaestdzvwrrkfdryfxqdyulhzobzag\">\n<div class=\"brz-carousel__slider\" data-slides-to-show=\"1\" data-slides-to-scroll=\"1\" data-arrows=\"true\" data-dots=\"true\" data-dots-class=\"brz-slick-slider__dots brz-slick-slider__dots--square\" data-auto-play=\"true\" data-auto-play-speed=\"4000\" data-swipe=\"true\" data-fade=\"false\" data-transition-speed=\"3.5\" data-responsive=\"%5B%7B%22breakpoint%22%3A991%2C%22settings%22%3A%7B%22slidesToShow%22%3A2%2C%22slidesToScroll%22%3A1%7D%7D%2C%7B%22breakpoint%22%3A767%2C%22settings%22%3A%7B%22slidesToShow%22%3A1%2C%22slidesToScroll%22%3A1%7D%7D%5D\">\n<div class=\"brz-carousel__item\">\n<div class=\"brz-columns brz-css-cxzxl0 brz-css-1xoh0fo\" data-brz-custom-id=\"fusjbbhiqdtbkffsqmfpxwcftxbjngqtnaut\">\n<div class=\"brz-bg\"><\/div>\n<div class=\"brz-column__items brz-css-1p9jvio brz-css-1c7c6dn\">\n<div id=\"\" class=\"brz-css-vt1zm9 brz-css-f2zvrs brz-wrapper\">\n<div class=\"brz-image brz-css-10nu4j0\" data-brz-custom-id=\"wojqneciipxhkyjkiamgjzaqiwktedhfnbol\"><img decoding=\"async\" class=\"brz-img\" src=\"https:\/\/finkbeinerkg.de\/wp-content\/uploads\/brizy\/imgs\/DSC02333-Bearbeitet-scaled-539x360x0x0x539x360x1655487400.jpg\" alt=\"\" loading=\"lazy\"><\/div>\n<\/div>\n<\/div>\n<\/div>\n<\/div>\n<div class=\"brz-carousel__item\">\n<div class=\"brz-columns brz-css-cxzxl0 brz-css-1xoh0fo\" data-brz-custom-id=\"daqmbhudwfzkcafthtuuijtvtxrvsrstdhrc\">\n<div class=\"brz-bg\"><\/div>\n<div class=\"brz-column__items brz-css-1p9jvio brz-css-1ss0mpr\">\n<div id=\"\" class=\"brz-css-vt1zm9 brz-css-1hhwt5j brz-wrapper\">\n<div class=\"brz-image brz-css-10xcz2e\" data-brz-custom-id=\"dxuukidtfpxlzdbbzenjkhmthtnhhcveveho\"><img decoding=\"async\" class=\"brz-img\" src=\"https:\/\/finkbeinerkg.de\/wp-content\/uploads\/brizy\/imgs\/DSC02337-Bearbeitet-539x360x0x0x539x360x1655487400.jpg\" alt=\"\" loading=\"lazy\"><\/div>\n<\/div>\n<\/div>\n<\/div>\n<\/div>\n<div class=\"brz-carousel__item\">\n<div class=\"brz-columns brz-css-cxzxl0 brz-css-1xoh0fo\" data-brz-custom-id=\"asaldvbpyxghtvuykapxrsqazrgrwvnwdwul\">\n<div class=\"brz-bg\"><\/div>\n<div class=\"brz-column__items brz-css-1p9jvio brz-css-1dxvy0y\">\n<div id=\"\" class=\"brz-css-vt1zm9 brz-css-12ke7ak brz-wrapper\">\n<div class=\"brz-image brz-css-1hx3sx2\" data-brz-custom-id=\"rxfnyrvkfxftfafkhzsjgtzvnqqzdcabhvqa\"><img decoding=\"async\" class=\"brz-img\" src=\"https:\/\/finkbeinerkg.de\/wp-content\/uploads\/brizy\/imgs\/Latten-DSC02341-Bearbeitet-scaled-539x360x0x0x539x360x1655487400.jpg\" alt=\"\" loading=\"lazy\"><\/div>\n<\/div>\n<\/div>\n<\/div>\n<\/div>\n<\/div>\n<\/div>\n<\/div>\n<\/div>\n<\/div>\n<\/div>\n<\/div>\n<\/div>\n<\/div>\n<\/section>\n<section id=\"_tlhoirekbaxnloxsqyicgwuyzsbtlhdvefxl\" class=\"brz-section brz-css-1qamjgu\">\n<div class=\"brz-section__content brz-section--boxed brz-css-ncxpnv brz-css-1uxgvdx\" data-brz-custom-id=\"dzyvomtnlpygamqmkywzhefnghwiiyspwsub\">\n<div class=\"brz-bg\">\n<div class=\"brz-bg-color\"><\/div>\n<\/div>\n<div class=\"brz-container brz-css-1ihzvvo\">\n<div id=\"\" class=\"brz-css-vt1zm9 brz-css-fxg9yk brz-wrapper\">\n<div class=\"brz-rich-text brz-rich-text__custom brz-css-m4d0p9\" data-brz-custom-id=\"rruouhjtztilvtlsdkkohxzfxqwberrytblr\">\n<div data-brz-translate-text=\"1\">\n<h1 class=\"brz-mb-lg-19 brz-fw-lg-900 brz-fss-lg-px brz-fs-lg-48 brz-ft-google brz-ff-inter brz-lh-lg-1_3 brz-ls-lg-0 brz-tp-lg-heading1 brz-css-n2TuI\" data-generated-css=\"brz-css-nirsm\" data-uniq-id=\"hbrwk\"><span class=\"brz-cp-color7 brz-capitalize-on\">Gamme de produits<\/span><\/h1>\n<\/div>\n<\/div>\n<\/div>\n<div class=\"brz-row__container brz-css-1kmj1r1\" data-brz-custom-id=\"koehythxyxxoghvcixlxdctklztzvbydsjow\">\n<div class=\"brz-bg\"><\/div>\n<div class=\"brz-row brz-css-vk0e4n brz-css-3qncb0\">\n<div class=\"brz-columns brz-css-cxzxl0 brz-css-4gslnu\" data-brz-custom-id=\"nghrxuoblcqwunptydzkesjatpcjodinslsm\">\n<div class=\"brz-bg\"><\/div>\n<div class=\"brz-column__items brz-css-1p9jvio brz-css-1mzy1vd\">\n<div class=\"brz-row__container brz-css-1kmj1r1\" data-brz-custom-id=\"jeunyunbfjmqwhqaexmcalwxpxqsxvqkpjwb\">\n<div class=\"brz-bg\"><\/div>\n<div class=\"brz-row brz-row--inner brz-css-vk0e4n\">\n<div class=\"brz-columns brz-css-cxzxl0 brz-css-6fuz0c\" data-brz-custom-id=\"addekvtaqauwupkvouwonholpfjmudvafuzo\">\n<div class=\"brz-bg\"><\/div>\n<div class=\"brz-column__items brz-css-1p9jvio\">\n<div class=\"brz-wrapper-clone brz-css-lv8u7t\">\n<div class=\"brz-d-xs-flex brz-flex-xs-wrap brz-css-105nt3x\" data-brz-custom-id=\"\">\n<div class=\"brz-wrapper-clone__item\" id=\"ydzjnjsmhokstwayewufnqdftmqehsrgcspt\">\n<div class=\"brz-icon__container\" data-brz-custom-id=\"ydzjnjsmhokstwayewufnqdftmqehsrgcspt\"><span class=\"brz-icon brz-span brz-css-76scw8 brz-css-109yxe7\"><\/span><\/div>\n<\/div>\n<\/div>\n<\/div>\n<\/div>\n<\/div>\n<div class=\"brz-columns brz-css-cxzxl0 brz-css-1quu2me\" data-brz-custom-id=\"mamcmhnveqxfjzzfqcaadhxqovfjvspluqzm\">\n<div class=\"brz-bg\"><\/div>\n<div class=\"brz-column__items brz-css-1p9jvio\">\n<div id=\"\" class=\"brz-css-vt1zm9 brz-wrapper\">\n<div class=\"brz-rich-text brz-rich-text__custom brz-css-m4d0p9\" data-brz-custom-id=\"adqmbssoiavmpeiehbrqkixphphgrwocnzdt\">\n<div data-brz-translate-text=\"1\">\n<p class=\"brz-tp-lg-heading5 brz-css-ihgqH\" data-generated-css=\"brz-css-amvuc\" data-uniq-id=\"pvmby\"><strong class=\"brz-cp-color7\">Dimensions standard en 80\/80, 60\/80, 60\/60, 40\/60<\/strong><\/p>\n<\/div>\n<\/div>\n<\/div>\n<\/div>\n<\/div>\n<\/div>\n<\/div>\n<div class=\"brz-row__container brz-css-1kmj1r1\" data-brz-custom-id=\"juclckhljgugdcvgknmdkvqwpjxkxaaphjhp\">\n<div class=\"brz-bg\"><\/div>\n<div class=\"brz-row brz-row--inner brz-css-vk0e4n\">\n<div class=\"brz-columns brz-css-cxzxl0 brz-css-1fxp8j\" data-brz-custom-id=\"tfyjiztlbsvhkiachktnvazfwwnedfswxivf\">\n<div class=\"brz-bg\"><\/div>\n<div class=\"brz-column__items brz-css-1p9jvio\">\n<div class=\"brz-wrapper-clone brz-css-lv8u7t\">\n<div class=\"brz-d-xs-flex brz-flex-xs-wrap brz-css-105nt3x\" data-brz-custom-id=\"\">\n<div class=\"brz-wrapper-clone__item\" id=\"adfbvxwelowlmxvtztgcqjcrtwbrlxhsdpkc\">\n<div class=\"brz-icon__container\" data-brz-custom-id=\"adfbvxwelowlmxvtztgcqjcrtwbrlxhsdpkc\"><span class=\"brz-icon brz-span brz-css-76scw8 brz-css-14nvbx2\"><\/span><\/div>\n<\/div>\n<\/div>\n<\/div>\n<\/div>\n<\/div>\n<div class=\"brz-columns brz-css-cxzxl0 brz-css-1h47zrh\" data-brz-custom-id=\"ysefbekeavqewfnvltvwuvnmhdaqlztyhdgn\">\n<div class=\"brz-bg\"><\/div>\n<div class=\"brz-column__items brz-css-1p9jvio\">\n<div id=\"\" class=\"brz-css-vt1zm9 brz-wrapper\">\n<div class=\"brz-rich-text brz-rich-text__custom brz-css-m4d0p9\" data-brz-custom-id=\"tacuuidcfntdevxemwkpytnneswnpivartpk\">\n<div data-brz-translate-text=\"1\">\n<p class=\"brz-tp-lg-heading5 brz-css-lUhMe\" data-uniq-id=\"owcar\" data-generated-css=\"brz-css-ucmji\"><strong>Lattes de toit CE 30\/50 mm S10<\/strong><\/p>\n<\/div>\n<\/div>\n<\/div>\n<\/div>\n<\/div>\n<\/div>\n<\/div>\n<div class=\"brz-row__container brz-css-1kmj1r1\" data-brz-custom-id=\"weunvwrcgzmeshnnqoptjfhyiudcheiuyzic\">\n<div class=\"brz-bg\"><\/div>\n<div class=\"brz-row brz-row--inner brz-css-vk0e4n\">\n<div class=\"brz-columns brz-css-cxzxl0 brz-css-i8fzm5\" data-brz-custom-id=\"ppbrwlrkltvbgdoizsrbleyyvdjfjgwwnkhs\">\n<div class=\"brz-bg\"><\/div>\n<div class=\"brz-column__items brz-css-1p9jvio\">\n<div class=\"brz-wrapper-clone brz-css-lv8u7t\">\n<div class=\"brz-d-xs-flex brz-flex-xs-wrap brz-css-105nt3x\" data-brz-custom-id=\"\">\n<div class=\"brz-wrapper-clone__item\" id=\"shudgbrnslwgrkrjhjavwoeyztdoycnapcqc\">\n<div class=\"brz-icon__container\" data-brz-custom-id=\"shudgbrnslwgrkrjhjavwoeyztdoycnapcqc\"><span class=\"brz-icon brz-span brz-css-76scw8 brz-css-rt2pbn\"><\/span><\/div>\n<\/div>\n<\/div>\n<\/div>\n<\/div>\n<\/div>\n<div class=\"brz-columns brz-css-cxzxl0 brz-css-12ekdrc\" data-brz-custom-id=\"zfkozsoaoofcvemryixckaoatxllxxkmnzyb\">\n<div class=\"brz-bg\"><\/div>\n<div class=\"brz-column__items brz-css-1p9jvio\">\n<div id=\"\" class=\"brz-css-vt1zm9 brz-wrapper\">\n<div class=\"brz-rich-text brz-rich-text__custom brz-css-m4d0p9\" data-brz-custom-id=\"nvnmegvvssmpqcjpqtfovaegbfzecswdkejb\">\n<div data-brz-translate-text=\"1\">\n<p class=\"brz-tp-lg-heading5 brz-css-cHPdu\" data-generated-css=\"brz-css-pspew\" data-uniq-id=\"pmlgy\"><strong>Pour le march\u00e9 d'exportation, toutes les sections courantes<\/strong><\/p>\n<\/div>\n<\/div>\n<\/div>\n<\/div>\n<\/div>\n<\/div>\n<\/div>\n<\/div>\n<\/div>\n<div class=\"brz-columns brz-css-cxzxl0 brz-css-nt79up\" data-brz-custom-id=\"uglyecybtmeoihbddtvzeujiisbsdvtcyvzn\">\n<div class=\"brz-bg\"><\/div>\n<div class=\"brz-column__items brz-css-1p9jvio brz-css-1c96119\">\n<div class=\"brz-row__container brz-css-1kmj1r1\" data-brz-custom-id=\"hvfakiykecfqwhfdghpzqwtpooorvamigzew\">\n<div class=\"brz-bg\"><\/div>\n<div class=\"brz-row brz-row--inner brz-css-vk0e4n\">\n<div class=\"brz-columns brz-css-cxzxl0 brz-css-16nc7e0\" data-brz-custom-id=\"wdygebbpdemcdevygdekcrfwdjoyblfndigp\">\n<div class=\"brz-bg\"><\/div>\n<div class=\"brz-column__items brz-css-1p9jvio\">\n<div class=\"brz-wrapper-clone brz-css-lv8u7t\">\n<div class=\"brz-d-xs-flex brz-flex-xs-wrap brz-css-105nt3x\" data-brz-custom-id=\"\">\n<div class=\"brz-wrapper-clone__item\" id=\"fcgknahxowkgxdmqpotndmynrbxsaoubsrsi\">\n<div class=\"brz-icon__container\" data-brz-custom-id=\"fcgknahxowkgxdmqpotndmynrbxsaoubsrsi\"><span class=\"brz-icon brz-span brz-css-76scw8 brz-css-10cii3\"><\/span><\/div>\n<\/div>\n<\/div>\n<\/div>\n<\/div>\n<\/div>\n<div class=\"brz-columns brz-css-cxzxl0 brz-css-z7v0ls\" data-brz-custom-id=\"vdfzjzrchequlpuujmlfqoccfbqorbxqyrgv\">\n<div class=\"brz-bg\"><\/div>\n<div class=\"brz-column__items brz-css-1p9jvio\">\n<div id=\"\" class=\"brz-css-vt1zm9 brz-wrapper\">\n<div class=\"brz-rich-text brz-rich-text__custom brz-css-m4d0p9\" data-brz-custom-id=\"mzursairzvpvgspdlnffpohshbjtivgxbyom\">\n<div data-brz-translate-text=\"1\">\n<p class=\"brz-tp-lg-heading5 brz-css-sCRUb\" data-generated-css=\"brz-css-fdwgx\" data-uniq-id=\"kxyew\"><strong>40\/60 mm CE-Norme europ\u00e9enne S10<\/strong><\/p>\n<\/div>\n<\/div>\n<\/div>\n<\/div>\n<\/div>\n<\/div>\n<\/div>\n<div class=\"brz-row__container brz-css-1kmj1r1\" data-brz-custom-id=\"kyhglokqlkdresqjtmmmeyntemummvwitltc\">\n<div class=\"brz-bg\"><\/div>\n<div class=\"brz-row brz-row--inner brz-css-vk0e4n\">\n<div class=\"brz-columns brz-css-cxzxl0 brz-css-oavzxs\" data-brz-custom-id=\"zvwycnarmgdyqhntlddltspwssxnytmibsex\">\n<div class=\"brz-bg\"><\/div>\n<div class=\"brz-column__items brz-css-1p9jvio\">\n<div class=\"brz-wrapper-clone brz-css-lv8u7t\">\n<div class=\"brz-d-xs-flex brz-flex-xs-wrap brz-css-105nt3x\" data-brz-custom-id=\"\">\n<div class=\"brz-wrapper-clone__item\" id=\"bmvdalvljdubqilsksywasnlmbdcnpzambev\">\n<div class=\"brz-icon__container\" data-brz-custom-id=\"bmvdalvljdubqilsksywasnlmbdcnpzambev\"><span class=\"brz-icon brz-span brz-css-76scw8 brz-css-1n8gl70\"><\/span><\/div>\n<\/div>\n<\/div>\n<\/div>\n<\/div>\n<\/div>\n<div class=\"brz-columns brz-css-cxzxl0 brz-css-npkdmi\" data-brz-custom-id=\"ukuktcfoszbxwsvqouxfjozgnmscfsikbfyz\">\n<div class=\"brz-bg\"><\/div>\n<div class=\"brz-column__items brz-css-1p9jvio\">\n<div id=\"\" class=\"brz-css-vt1zm9 brz-wrapper\">\n<div class=\"brz-rich-text brz-rich-text__custom brz-css-m4d0p9\" data-brz-custom-id=\"cvszgxzdqliperjnnoutwrndtksnyoibavss\">\n<div data-brz-translate-text=\"1\">\n<p class=\"brz-tp-lg-heading5 brz-css-k79HJ\" data-generated-css=\"brz-css-fpzpz\" data-uniq-id=\"bnaeb\"><strong>Dimensions standard en 24\/48, 30\/50 mm<\/strong><\/p>\n<\/div>\n<\/div>\n<\/div>\n<\/div>\n<\/div>\n<\/div>\n<\/div>\n<\/div>\n<\/div>\n<\/div>\n<\/div>\n<\/div>\n<\/div>\n<\/section>\n<\/div>\n<p>    <!-- version:1736977702 --><\/p>","protected":false},"excerpt":{"rendered":"<p>TROUVEZ LE BON PRODUIT DANS NOTRE GAMME Si vous avez des questions ou si vous avez d\u00e9j\u00e0 trouv\u00e9 le produit qui vous convient, vous pouvez poser une question ici ou discuter directement de votre demande avec un de nos interlocuteurs. POSER UNE DEMANDE Assortiment Dimensions standard en 80\/80, 60\/80, 60\/60, 40\/60 30\/50 mm Lattes de toit CE S10 Pour le march\u00e9 d'exportation toutes les sections courantes 40\/60 mm CE-Euronorm ... <\/p>\n<p class=\"link-more\"><a href=\"https:\/\/finkbeinerkg.de\/fr\/produkte\/rahmen-latten\/\" class=\"more-link\">Continuer la lecture <span class=\"screen-reader-text\"> \" Cadre &amp; Lattes \"<\/span><\/a><\/p>","protected":false},"author":1,"featured_media":0,"parent":60,"menu_order":2,"comment_status":"closed","ping_status":"closed","template":"brizy-blank-template.php","meta":{"footnotes":""},"class_list":["post-3583","page","type-page","status-publish","hentry","entry"],"brizy_media":[{"id":2416,"url":"https:\/\/finkbeinerkg.de\/wp-content\/uploads\/2021\/10\/Latten-DSC02341-Bearbeitet-scaled.jpg","name":"Latten-DSC02341-Bearbeitet.jpg","meta":{"brizy_attachment_uid":"wp-9119ddfe9e74ecf224cc944143115c0b.jpg","brizy_post_uid":["bc2afaf44beb9da92193f2a047b9cbb2","7a43f9940844c2a3b42170416b2259f3"]}},{"id":3151,"url":"https:\/\/finkbeinerkg.de\/wp-content\/uploads\/2021\/10\/DSC02337-Bearbeitet.jpg","name":"DSC02337-Bearbeitet.jpg","meta":{"brizy_attachment_uid":"wp-496d101eb10a8414dd086db642ea76cf.jpg","brizy_post_uid":["7a43f9940844c2a3b42170416b2259f3"]}},{"id":3287,"url":"https:\/\/finkbeinerkg.de\/wp-content\/uploads\/2021\/10\/DSC02333-Bearbeitet-scaled.jpg","name":"DSC02333-Bearbeitet.jpg","meta":{"brizy_attachment_uid":"wp-c6297763f392b39a1dd04b25f4c913f6.jpg","brizy_post_uid":["7a43f9940844c2a3b42170416b2259f3"]}}],"_links":{"self":[{"href":"https:\/\/finkbeinerkg.de\/fr\/wp-json\/wp\/v2\/pages\/3583","targetHints":{"allow":["GET"]}}],"collection":[{"href":"https:\/\/finkbeinerkg.de\/fr\/wp-json\/wp\/v2\/pages"}],"about":[{"href":"https:\/\/finkbeinerkg.de\/fr\/wp-json\/wp\/v2\/types\/page"}],"author":[{"embeddable":true,"href":"https:\/\/finkbeinerkg.de\/fr\/wp-json\/wp\/v2\/users\/1"}],"replies":[{"embeddable":true,"href":"https:\/\/finkbeinerkg.de\/fr\/wp-json\/wp\/v2\/comments?post=3583"}],"version-history":[{"count":9,"href":"https:\/\/finkbeinerkg.de\/fr\/wp-json\/wp\/v2\/pages\/3583\/revisions"}],"predecessor-version":[{"id":9665,"href":"https:\/\/finkbeinerkg.de\/fr\/wp-json\/wp\/v2\/pages\/3583\/revisions\/9665"}],"up":[{"embeddable":true,"href":"https:\/\/finkbeinerkg.de\/fr\/wp-json\/wp\/v2\/pages\/60"}],"wp:attachment":[{"href":"https:\/\/finkbeinerkg.de\/fr\/wp-json\/wp\/v2\/media?parent=3583"}],"curies":[{"name":"wp","href":"https:\/\/api.w.org\/{rel}","templated":true}]}}