{"id":3585,"date":"2021-10-26T16:19:11","date_gmt":"2021-10-26T14:19:11","guid":{"rendered":"http:\/\/dev.finkbeinerkg.de\/?page_id=3585"},"modified":"2026-05-06T16:00:14","modified_gmt":"2026-05-06T14:00:14","slug":"hobelware-profilholz","status":"publish","type":"page","link":"https:\/\/finkbeinerkg.de\/fr\/produkte\/hobelware-profilholz\/","title":{"rendered":"Bois rabot\u00e9 &amp; profil\u00e9"},"content":{"rendered":"<div class=\"brz-root__container brz-reset-all brz brz-root__container-page\">\n<section id=\"_svxiaomjulivhbphaiioghnijgvbtgpemcii\" class=\"brz-section brz-css-5nj4qc\">\n<div class=\"brz-section__content brz-section--boxed brz-css-vwxoox brz-css-n844xk\" data-brz-custom-id=\"gndrosavblesaaxjxrledegvepbvymwatflq\">\n<div class=\"brz-container brz-css-1snbcem\">\n<div class=\"brz-row__container brz-css-4gu7u3\" data-brz-custom-id=\"ugdbvyrvdzrydqniaimkqtxbadbfjoobpelf\">\n<div class=\"brz-bg\"><\/div>\n<div class=\"brz-row brz-css-apxbpc brz-css-ezuza9\">\n<div class=\"brz-columns brz-css-hv1b5j brz-css-gemey1\" data-brz-custom-id=\"ywqburcfbasrkyjwrkpcldpeisotmkniekvz\">\n<div class=\"brz-bg\"><\/div>\n<div class=\"brz-column__items brz-css-141h9pm brz-css-wlajzr\">\n<div id=\"\" class=\"brz-css-1pehmhb brz-css-13rwkom brz-wrapper\">\n<div class=\"brz-rich-text brz-rich-text__custom brz-css-1ke99ur\" data-brz-custom-id=\"optmnasvbmiblsbyyrenlxqovynwqlgidcpl\">\n<div data-brz-translate-text=\"1\">\n<h2 data-uniq-id=\"rewux\" data-generated-css=\"brz-css-wxmic\" class=\"brz-ls-lg-0 brz-lh-lg-1_3 brz-ff-inter brz-ft-google brz-fs-lg-48 brz-fss-lg-px brz-fw-lg-900 brz-mb-lg-19 brz-tp-lg-heading2 brz-css-h5ITO\"><span class=\"brz-cp-color7\">TROUVEZ LE BON PRODUIT DANS NOTRE ASSORTIMENT<\/span><\/h2>\n<\/div>\n<\/div>\n<\/div>\n<div id=\"\" class=\"brz-css-1pehmhb brz-wrapper\">\n<div class=\"brz-rich-text brz-rich-text__custom brz-css-1ke99ur\" data-brz-custom-id=\"bjqhwnggiquiqovpofqwbnisqyuflxemsiay\">\n<div data-brz-translate-text=\"1\">\n<p class=\"brz-tp-lg-paragraph brz-mb-lg-15 brz-css-sakt3\" data-uniq-id=\"zhtdf\" data-generated-css=\"brz-css-qmovh\"><span class=\"brz-cp-color7\">Si vous avez des questions ou si vous avez d\u00e9j\u00e0 trouv\u00e9 le produit qui vous convient, vous pouvez envoyer une demande ici ou contacter directement l'un de nos conseillers. <\/span><a class=\"brz-cp-color7 link--anchor\" href=\"#_klypnosumnblcimnfvbyjnsxunwzjhzygdcp\" data-brz-link-type=\"anchor\"><u>Personne de contact<\/u> <\/a><span class=\"brz-cp-color7\">discuter de votre demande.<\/span><\/p>\n<\/div>\n<\/div>\n<\/div>\n<div class=\"brz-wrapper-clone brz-css-f9ubsb\">\n<div class=\"brz-d-xs-flex brz-flex-xs-wrap brz-css-q2rw5c brz-css-3djhqa\" data-brz-custom-id=\"\">\n<div class=\"brz-wrapper-clone__item\" id=\"wacrfpkyphfmuowqqcudzloexhuoknshqyys\"><a class=\"brz-a brz-btn brz-css-1m9o6z7 brz-css-xhgrl0 brz-css-1rfktdv brz-css-1go2gcm\" href=\"\/fr\/produkte\/#produktanfrage\" target=\"_self\" rel=\"noopener\" data-brz-link-type=\"external\" data-brz-custom-id=\"wacrfpkyphfmuowqqcudzloexhuoknshqyys\"><span data-brz-translate-text=\"1\" class=\"brz-span brz-text__editor\">FAIRE UNE DEMANDE<\/span><\/a><\/div>\n<\/div>\n<\/div>\n<\/div>\n<\/div>\n<div class=\"brz-columns brz-css-hv1b5j brz-css-s1dy23\" data-brz-custom-id=\"inxhjpaeoywggpfhkdrnjifhrszemeqbmpij\">\n<div class=\"brz-bg\"><\/div>\n<div class=\"brz-column__items brz-css-141h9pm brz-css-11zrle5\">\n<div id=\"\" class=\"brz-css-1pehmhb brz-css-1jzzfl8 brz-wrapper\">\n<div class=\"brz-carousel brz-css-1jc79sq brz-css-18op6iy\" data-brz-custom-id=\"ybihgykpnwfkegzvxggcabygbbbtotnpkzvb\">\n<div class=\"brz-carousel__slider\" data-slides-to-show=\"1\" data-slides-to-scroll=\"1\" data-arrows=\"true\" data-dots=\"true\" data-dots-class=\"brz-slick-slider__dots brz-slick-slider__dots--square\" data-auto-play=\"true\" data-auto-play-speed=\"4000\" data-swipe=\"true\" data-fade=\"false\" data-transition-speed=\"3.5\" data-responsive=\"%5B%7B%22breakpoint%22%3A991%2C%22settings%22%3A%7B%22slidesToShow%22%3A2%2C%22slidesToScroll%22%3A1%7D%7D%2C%7B%22breakpoint%22%3A767%2C%22settings%22%3A%7B%22slidesToShow%22%3A1%2C%22slidesToScroll%22%3A1%7D%7D%5D\">\n<div class=\"brz-carousel__item\">\n<div class=\"brz-columns brz-css-hv1b5j brz-css-sn3828\" data-brz-custom-id=\"bapuxkobowukekddemapxpobxkizqhvrkerk\">\n<div class=\"brz-bg\"><\/div>\n<div class=\"brz-column__items brz-css-141h9pm brz-css-g6rtfr\">\n<div id=\"\" class=\"brz-css-1pehmhb brz-css-rtw0er brz-wrapper\">\n<div class=\"brz-image brz-css-1jneafj\" data-brz-custom-id=\"gsssehqygggjkzqggnbxabvdxkvhydppprjb\"><img decoding=\"async\" class=\"brz-img\" src=\"https:\/\/finkbeinerkg.de\/wp-content\/uploads\/brizy\/imgs\/Hobelware-DSC02346-Bearbeitet-scaled-539x360x0x0x539x360x1655487400.jpg\" alt=\"\" loading=\"lazy\"><\/div>\n<\/div>\n<\/div>\n<\/div>\n<\/div>\n<div class=\"brz-carousel__item\">\n<div class=\"brz-columns brz-css-hv1b5j brz-css-sn3828\" data-brz-custom-id=\"cxrrsudnarktnefhdurrxaukqfwdzysvmhny\">\n<div class=\"brz-bg\"><\/div>\n<div class=\"brz-column__items brz-css-141h9pm brz-css-hwk7oe\">\n<div id=\"\" class=\"brz-css-1pehmhb brz-css-268rzk brz-wrapper\">\n<div class=\"brz-image brz-css-1j0rnin\" data-brz-custom-id=\"zqtfmmvsddegzqnfixibmqqcjkxfitsybayp\"><img decoding=\"async\" class=\"brz-img\" src=\"https:\/\/finkbeinerkg.de\/wp-content\/uploads\/brizy\/imgs\/DSC02354-Bearbeitet-scaled-539x360x0x0x539x360x1655487400.jpg\" alt=\"\" loading=\"lazy\"><\/div>\n<\/div>\n<\/div>\n<\/div>\n<\/div>\n<\/div>\n<\/div>\n<\/div>\n<\/div>\n<\/div>\n<\/div>\n<\/div>\n<\/div>\n<\/div>\n<\/section>\n<section id=\"_zwbcejqlqgtgjsjkgpqpdzdwspdofiwgszxw\" class=\"brz-section brz-css-5nj4qc\">\n<div class=\"brz-section__content brz-section--boxed brz-css-vwxoox brz-css-d9bl9g\" data-brz-custom-id=\"mibgmvedcihezxnsuhmmznkplsdukrzbuvqz\">\n<div class=\"brz-bg\">\n<div class=\"brz-bg-color\"><\/div>\n<\/div>\n<div class=\"brz-container brz-css-1snbcem\">\n<div id=\"\" class=\"brz-css-1pehmhb brz-css-1oqdf28 brz-wrapper\">\n<div class=\"brz-rich-text brz-rich-text__custom brz-css-1ke99ur\" data-brz-custom-id=\"kdvycjsmssgqmjqtvjsokmradepaqpcnnvig\">\n<div data-brz-translate-text=\"1\">\n<h1 class=\"brz-mb-lg-19 brz-fw-lg-900 brz-fss-lg-px brz-fs-lg-48 brz-ft-google brz-ff-inter brz-lh-lg-1_3 brz-ls-lg-0 brz-tp-lg-heading1 brz-css-m3jQF\" data-generated-css=\"brz-css-nirsm\" data-uniq-id=\"hbrwk\"><span class=\"brz-cp-color7 brz-capitalize-on\">Gamme de produits<\/span><\/h1>\n<\/div>\n<\/div>\n<\/div>\n<div class=\"brz-row__container brz-css-4gu7u3\" data-brz-custom-id=\"yrtdntomrcqtntomesubmsylouxjpmdudpct\">\n<div class=\"brz-bg\"><\/div>\n<div class=\"brz-row brz-css-apxbpc brz-css-ezuza9\">\n<div class=\"brz-columns brz-css-hv1b5j brz-css-10kra8g\" data-brz-custom-id=\"oobeakgfcrpgfphrxbkkmifcuxqdadwzmjpq\">\n<div class=\"brz-bg\"><\/div>\n<div class=\"brz-column__items brz-css-141h9pm brz-css-29ek1t\">\n<div class=\"brz-row__container brz-css-4gu7u3\" data-brz-custom-id=\"clqjykckqoxzjdvynckcynvvvboenrvilzwu\">\n<div class=\"brz-bg\"><\/div>\n<div class=\"brz-row brz-row--inner brz-css-apxbpc\">\n<div class=\"brz-columns brz-css-hv1b5j brz-css-8nyha9\" data-brz-custom-id=\"prnigffxewrsugjjdwtftrsjvxlidmmzjukb\">\n<div class=\"brz-bg\"><\/div>\n<div class=\"brz-column__items brz-css-141h9pm\">\n<div class=\"brz-wrapper-clone brz-css-f9ubsb\">\n<div class=\"brz-d-xs-flex brz-flex-xs-wrap brz-css-q2rw5c\" data-brz-custom-id=\"\">\n<div class=\"brz-wrapper-clone__item\" id=\"pyfpimxmcrvbyfxeaextvaxvuucjnggrtrzx\">\n<div class=\"brz-icon__container\" data-brz-custom-id=\"pyfpimxmcrvbyfxeaextvaxvuucjnggrtrzx\"><span class=\"brz-icon brz-span brz-css-1bmjib brz-css-10pb753\"><\/span><\/div>\n<\/div>\n<\/div>\n<\/div>\n<\/div>\n<\/div>\n<div class=\"brz-columns brz-css-hv1b5j brz-css-1m4raw6\" data-brz-custom-id=\"iwpnnkscrprtrqzxevvbegpxpqvetcbolkrj\">\n<div class=\"brz-bg\"><\/div>\n<div class=\"brz-column__items brz-css-141h9pm\">\n<div id=\"\" class=\"brz-css-1pehmhb brz-wrapper\">\n<div class=\"brz-rich-text brz-rich-text__custom brz-css-1ke99ur\" data-brz-custom-id=\"dqfxocfuttrsyjfvmcvqvgtkwtfmwagxcamh\">\n<div data-brz-translate-text=\"1\">\n<p class=\"brz-tp-lg-heading5 brz-css-iTcNg\" data-generated-css=\"brz-css-lcrvo\" data-uniq-id=\"tvqwf\"><strong class=\"brz-cp-color7\">Planches de pliage interchangeables<\/strong><\/p>\n<\/div>\n<\/div>\n<\/div>\n<\/div>\n<\/div>\n<\/div>\n<\/div>\n<div class=\"brz-row__container brz-css-4gu7u3\" data-brz-custom-id=\"qmfkjktmxhwaheeqbiszlfeoevekurfirhhm\">\n<div class=\"brz-bg\"><\/div>\n<div class=\"brz-row brz-row--inner brz-css-apxbpc\">\n<div class=\"brz-columns brz-css-hv1b5j brz-css-1mnndoh\" data-brz-custom-id=\"letzzzgurryjuefvyrzbyduecyebuhdmokez\">\n<div class=\"brz-bg\"><\/div>\n<div class=\"brz-column__items brz-css-141h9pm\">\n<div class=\"brz-wrapper-clone brz-css-f9ubsb\">\n<div class=\"brz-d-xs-flex brz-flex-xs-wrap brz-css-q2rw5c\" data-brz-custom-id=\"\">\n<div class=\"brz-wrapper-clone__item\" id=\"ixtfmoxoqaogafexkoqhaloghcxaedtbyxbh\">\n<div class=\"brz-icon__container\" data-brz-custom-id=\"ixtfmoxoqaogafexkoqhaloghcxaedtbyxbh\"><span class=\"brz-icon brz-span brz-css-1bmjib brz-css-15qxp7q\"><\/span><\/div>\n<\/div>\n<\/div>\n<\/div>\n<\/div>\n<\/div>\n<div class=\"brz-columns brz-css-hv1b5j brz-css-fcowkx\" data-brz-custom-id=\"plcukwwaoueehpanxqjiiesukzffkeefsjuh\">\n<div class=\"brz-bg\"><\/div>\n<div class=\"brz-column__items brz-css-141h9pm\">\n<div id=\"\" class=\"brz-css-1pehmhb brz-wrapper\">\n<div class=\"brz-rich-text brz-rich-text__custom brz-css-1ke99ur\" data-brz-custom-id=\"aoavqztpkztjpicclnebzrrjbwhzwrcurtok\">\n<div data-brz-translate-text=\"1\">\n<p class=\"brz-tp-lg-heading5 brz-css-uNia8\" data-uniq-id=\"lzmul\" data-generated-css=\"brz-css-uqjwc\"><strong>Planches \u00e0 bords lisses<\/strong><\/p>\n<\/div>\n<\/div>\n<\/div>\n<\/div>\n<\/div>\n<\/div>\n<\/div>\n<div class=\"brz-row__container brz-css-4gu7u3\" data-brz-custom-id=\"zknzzxogpxkgpgmybihiysuslnjqcvulainm\">\n<div class=\"brz-bg\"><\/div>\n<div class=\"brz-row brz-row--inner brz-css-apxbpc\">\n<div class=\"brz-columns brz-css-hv1b5j brz-css-xrmane\" data-brz-custom-id=\"erzchmdlochyrkdsteobxhfnsnmlbhqepzyd\">\n<div class=\"brz-bg\"><\/div>\n<div class=\"brz-column__items brz-css-141h9pm\">\n<div class=\"brz-wrapper-clone brz-css-f9ubsb\">\n<div class=\"brz-d-xs-flex brz-flex-xs-wrap brz-css-q2rw5c\" data-brz-custom-id=\"\">\n<div class=\"brz-wrapper-clone__item\" id=\"lfumqhemawjvipdivtegjxgnjgrzvbgcaeqk\">\n<div class=\"brz-icon__container\" data-brz-custom-id=\"lfumqhemawjvipdivtegjxgnjgrzvbgcaeqk\"><span class=\"brz-icon brz-span brz-css-1bmjib brz-css-19o72z4\"><\/span><\/div>\n<\/div>\n<\/div>\n<\/div>\n<\/div>\n<\/div>\n<div class=\"brz-columns brz-css-hv1b5j brz-css-1gbxm1w\" data-brz-custom-id=\"goqmnhykgopirwadmttpzladscakyayeeghw\">\n<div class=\"brz-bg\"><\/div>\n<div class=\"brz-column__items brz-css-141h9pm\">\n<div id=\"\" class=\"brz-css-1pehmhb brz-wrapper\">\n<div class=\"brz-rich-text brz-rich-text__custom brz-css-1ke99ur\" data-brz-custom-id=\"sfgmvznuhqhnywyerlpmepgplextapggeycq\">\n<div data-brz-translate-text=\"1\">\n<p class=\"brz-tp-lg-heading5 brz-css-bA7tO\" data-generated-css=\"brz-css-pgwyx\" data-uniq-id=\"fwvge\"><strong>Profil\u00e9s sp\u00e9ciaux sur demande<\/strong><\/p>\n<\/div>\n<\/div>\n<\/div>\n<\/div>\n<\/div>\n<\/div>\n<\/div>\n<\/div>\n<\/div>\n<div class=\"brz-columns brz-css-hv1b5j brz-css-3d6xe2\" data-brz-custom-id=\"mznvukvqvnkafxxjehztgnuezztmugcfrcwv\">\n<div class=\"brz-bg\"><\/div>\n<div class=\"brz-column__items brz-css-141h9pm brz-css-3j2l5u\">\n<div class=\"brz-row__container brz-css-4gu7u3\" data-brz-custom-id=\"djmfultsrehdzjxlslylcrclmlyuuasfvxwl\">\n<div class=\"brz-bg\"><\/div>\n<div class=\"brz-row brz-row--inner brz-css-apxbpc\">\n<div class=\"brz-columns brz-css-hv1b5j brz-css-14bstew\" data-brz-custom-id=\"gvrvmlrxhpplvmdlkzwbljqncnslbxntjeoe\">\n<div class=\"brz-bg\"><\/div>\n<div class=\"brz-column__items brz-css-141h9pm\">\n<div class=\"brz-wrapper-clone brz-css-f9ubsb\">\n<div class=\"brz-d-xs-flex brz-flex-xs-wrap brz-css-q2rw5c\" data-brz-custom-id=\"\">\n<div class=\"brz-wrapper-clone__item\" id=\"mquobnvntfovdvpdhzodwqmpwmmsyoxdmnhi\">\n<div class=\"brz-icon__container\" data-brz-custom-id=\"mquobnvntfovdvpdhzodwqmpwmmsyoxdmnhi\"><span class=\"brz-icon brz-span brz-css-1bmjib brz-css-sn3vb3\"><\/span><\/div>\n<\/div>\n<\/div>\n<\/div>\n<\/div>\n<\/div>\n<div class=\"brz-columns brz-css-hv1b5j brz-css-1a961nx\" data-brz-custom-id=\"qivxggpsbrvzhhnqxvavpfscxkpstzhfemnm\">\n<div class=\"brz-bg\"><\/div>\n<div class=\"brz-column__items brz-css-141h9pm\">\n<div id=\"\" class=\"brz-css-1pehmhb brz-wrapper\">\n<div class=\"brz-rich-text brz-rich-text__custom brz-css-1ke99ur\" data-brz-custom-id=\"yklqivdwuajgutjkwklkpzbutjlcdbcgrfgu\">\n<div data-brz-translate-text=\"1\">\n<p class=\"brz-tp-lg-heading5 brz-css-iGz4k\" data-uniq-id=\"fhvqg\" data-generated-css=\"brz-css-vwrsp\"><strong>Brique brute N+F en \u00e9paisseur finie de 27 et 21 mm<\/strong><\/p>\n<\/div>\n<\/div>\n<\/div>\n<\/div>\n<\/div>\n<\/div>\n<\/div>\n<div class=\"brz-row__container brz-css-4gu7u3\" data-brz-custom-id=\"allsnpztakcjzwnbhohmftsjqwniyvbvbkcp\">\n<div class=\"brz-bg\"><\/div>\n<div class=\"brz-row brz-row--inner brz-css-apxbpc\">\n<div class=\"brz-columns brz-css-hv1b5j brz-css-bu35dt\" data-brz-custom-id=\"qhhwsinfcpqtrwcokvxmpxgwcinlklruljga\">\n<div class=\"brz-bg\"><\/div>\n<div class=\"brz-column__items brz-css-141h9pm\">\n<div class=\"brz-wrapper-clone brz-css-f9ubsb\">\n<div class=\"brz-d-xs-flex brz-flex-xs-wrap brz-css-q2rw5c\" data-brz-custom-id=\"\">\n<div class=\"brz-wrapper-clone__item\" id=\"vghvdrrcqqbckyfhtokxyesplkmcqotmusel\">\n<div class=\"brz-icon__container\" data-brz-custom-id=\"vghvdrrcqqbckyfhtokxyesplkmcqotmusel\"><span class=\"brz-icon brz-span brz-css-1bmjib brz-css-wsvvty\"><\/span><\/div>\n<\/div>\n<\/div>\n<\/div>\n<\/div>\n<\/div>\n<div class=\"brz-columns brz-css-hv1b5j brz-css-16ql57t\" data-brz-custom-id=\"lcmidtzqvxsqzngoqhgppdygkvplvyoaemyx\">\n<div class=\"brz-bg\"><\/div>\n<div class=\"brz-column__items brz-css-141h9pm\">\n<div id=\"\" class=\"brz-css-1pehmhb brz-wrapper\">\n<div class=\"brz-rich-text brz-rich-text__custom brz-css-1ke99ur\" data-brz-custom-id=\"vcvjaghbqubikfdehrywspbzkzmycwyzlnfa\">\n<div data-brz-translate-text=\"1\">\n<p class=\"brz-tp-lg-heading5 brz-css-dmw5i\" data-generated-css=\"brz-css-lzalg\" data-uniq-id=\"xqspe\"><strong>Planches N+F avec profil en chanfrein ou rond en 26 et 20 mm d'\u00e9paisseur finie<\/strong><\/p>\n<\/div>\n<\/div>\n<\/div>\n<\/div>\n<\/div>\n<\/div>\n<\/div>\n<\/div>\n<\/div>\n<\/div>\n<\/div>\n<\/div>\n<\/div>\n<\/section>\n<\/div>\n<p>    <!-- version:1736977693 --><\/p>","protected":false},"excerpt":{"rendered":"<p>TROUVEZ LE BON PRODUIT DANS NOTRE ASSORTIMENT Si vous avez des questions ou si vous avez d\u00e9j\u00e0 trouv\u00e9 le produit qui vous convient, vous pouvez poser une question ici ou discuter directement de votre demande avec un de nos interlocuteurs. POSER UNE DEMANDE Assortiment de planches \u00e0 feuillure altern\u00e9e Planches \u00e0 bords lisses Profil\u00e9s sp\u00e9ciaux sur demande Planches brutes N+F en \u00e9paisseur finie de 27 et 21 mm Planches N+F avec profil\u00e9 en chanfrein ou rond en 26 ... <\/p>\n<p class=\"link-more\"><a href=\"https:\/\/finkbeinerkg.de\/fr\/produkte\/hobelware-profilholz\/\" class=\"more-link\">Continuer la lecture <span class=\"screen-reader-text\"> \" Bois rabot\u00e9 &amp; profil\u00e9 \"<\/span><\/a><\/p>","protected":false},"author":1,"featured_media":0,"parent":60,"menu_order":3,"comment_status":"closed","ping_status":"closed","template":"brizy-blank-template.php","meta":{"footnotes":""},"class_list":["post-3585","page","type-page","status-publish","hentry","entry"],"brizy_media":[{"id":2418,"url":"https:\/\/finkbeinerkg.de\/wp-content\/uploads\/2021\/10\/Hobelware-DSC02346-Bearbeitet-scaled.jpg","name":"Hobelware-DSC02346-Bearbeitet.jpg","meta":{"brizy_attachment_uid":"wp-48641c6bc640df95b9658e7ec6f8243b.jpg","brizy_post_uid":["bc2afaf44beb9da92193f2a047b9cbb2","988421d296efbc25f66b0125a6ba9820","df98cb56dcb0f9296acc036ddebd4174"]}},{"id":3284,"url":"https:\/\/finkbeinerkg.de\/wp-content\/uploads\/2021\/10\/DSC02354-Bearbeitet-scaled.jpg","name":"DSC02354-Bearbeitet.jpg","meta":{"brizy_attachment_uid":"wp-acee501ecc375064e455eafbe840496f.jpg","brizy_post_uid":["988421d296efbc25f66b0125a6ba9820"]}},{"id":9682,"url":"https:\/\/finkbeinerkg.de\/wp-content\/uploads\/2022\/06\/DSC02318-scaled.jpg","name":"DSC02318.jpg","meta":{"brizy_attachment_uid":"wp-d55ad29ade16018b77d3d80117f15ce3.jpg","brizy_post_uid":["988421d296efbc25f66b0125a6ba9820"]}}],"_links":{"self":[{"href":"https:\/\/finkbeinerkg.de\/fr\/wp-json\/wp\/v2\/pages\/3585","targetHints":{"allow":["GET"]}}],"collection":[{"href":"https:\/\/finkbeinerkg.de\/fr\/wp-json\/wp\/v2\/pages"}],"about":[{"href":"https:\/\/finkbeinerkg.de\/fr\/wp-json\/wp\/v2\/types\/page"}],"author":[{"embeddable":true,"href":"https:\/\/finkbeinerkg.de\/fr\/wp-json\/wp\/v2\/users\/1"}],"replies":[{"embeddable":true,"href":"https:\/\/finkbeinerkg.de\/fr\/wp-json\/wp\/v2\/comments?post=3585"}],"version-history":[{"count":11,"href":"https:\/\/finkbeinerkg.de\/fr\/wp-json\/wp\/v2\/pages\/3585\/revisions"}],"predecessor-version":[{"id":9723,"href":"https:\/\/finkbeinerkg.de\/fr\/wp-json\/wp\/v2\/pages\/3585\/revisions\/9723"}],"up":[{"embeddable":true,"href":"https:\/\/finkbeinerkg.de\/fr\/wp-json\/wp\/v2\/pages\/60"}],"wp:attachment":[{"href":"https:\/\/finkbeinerkg.de\/fr\/wp-json\/wp\/v2\/media?parent=3585"}],"curies":[{"name":"wp","href":"https:\/\/api.w.org\/{rel}","templated":true}]}}