{"id":63,"date":"2021-03-19T18:25:31","date_gmt":"2021-03-19T17:25:31","guid":{"rendered":"http:\/\/dev.finkbeinerkg.de\/?page_id=63"},"modified":"2026-04-07T13:48:06","modified_gmt":"2026-04-07T11:48:06","slug":"transport-logistik","status":"publish","type":"page","link":"https:\/\/finkbeinerkg.de\/fr\/transport-logistik\/","title":{"rendered":"Transport et logistique"},"content":{"rendered":"<div class=\"brz-root__container brz-reset-all brz brz-root__container-page\">\n<section id=\"ddf0898939cde2a04e1c_ziekdxoebsvpcwtwmllbvbapwzjhmqrnczzi\" class=\"brz-section brz-css-g07z5l\">\n<div class=\"brz-section__content brz-section--fullWidth brz-css-jgruw9 brz-css-1lwwdin\" data-brz-custom-id=\"cqebzjcblqfwmrratydmxqtyuslzescnelvu\">\n<div class=\"brz-bg\">\n<div class=\"brz-bg-image\"><\/div>\n<div data-type=\"vimeo\" data-key=\"706476134\" data-loop=\"true\" data-start=\"0\" class=\"brz-bg-video\"><\/div>\n<div class=\"brz-bg-color\"><\/div>\n<\/div>\n<div class=\"brz-container brz-css-10qvkbw brz-css-14d3zgm\">\n<div class=\"brz-row__container brz-css-1vbzyln\" data-brz-custom-id=\"skfeptscqgkbihgikvvtmxydiiigbiakqswq\">\n<div class=\"brz-bg\"><\/div>\n<div class=\"brz-row brz-css-mbzzz7 brz-css-tqc125\">\n<div class=\"brz-columns brz-css-1qc9y6i brz-css-bwrp7y\" data-brz-custom-id=\"spueblrzpayhxuiligoqucextdqikqwqxpce\">\n<div class=\"brz-bg\">\n<div class=\"brz-bg-color\"><\/div>\n<\/div>\n<div class=\"brz-column__items brz-css-1gx5xgq brz-css-tbzpsr\">\n<div id=\"\" class=\"brz-css-1e4e7v brz-css-nwkeh4 brz-wrapper\">\n<div class=\"brz-rich-text brz-rich-text__custom brz-css-1jzoqwp\" data-brz-custom-id=\"dtdnjpjddlylkjdphhknbyocejxuujpygjtf\">\n<div data-brz-translate-text=\"1\">\n<h1 data-uniq-id=\"hujbd\" data-generated-css=\"brz-css-wdoai\" class=\"brz-ff-inter brz-ft-google brz-fs-lg-60 brz-fss-lg-px brz-fw-lg-900 brz-ls-lg-0 brz-lh-lg-1_3 brz-tp-lg-lnidizvtupojhrslzqillzpembyaksabmasq brz-fs-xs-28 brz-fss-xs-px brz-fw-xs-900 brz-ls-xs-0 brz-lh-xs-1_3 brz-tp-xs-lnidizvtupojhrslzqillzpembyaksabmasq brz-fs-sm-28 brz-fss-sm-px brz-fw-sm-900 brz-ls-sm-0 brz-lh-sm-1_3 brz-tp-sm-lnidizvtupojhrslzqillzpembyaksabmasq brz-css-izXoo\"><span class=\"brz-cp-color8\"><span class=\"text-population\">Transport et logistique<\/span> <\/span><\/h1>\n<\/div>\n<\/div>\n<\/div>\n<\/div>\n<\/div>\n<\/div>\n<\/div>\n<\/div>\n<\/div>\n<\/section>\n<section id=\"25a83c4968ce90383695_zducvnjgyhygwddmvgzlqavqdvfsjhdclsnq\" class=\"brz-section brz-css-g07z5l\">\n<div class=\"brz-section__content brz-section--boxed brz-css-jgruw9 brz-css-l7e80u\" data-brz-custom-id=\"fjaeupguaxwyafobdanljyfgcxxivevvyhbd\">\n<div class=\"brz-container brz-css-10qvkbw\">\n<div class=\"brz-row__container brz-css-1vbzyln brz-css-1uqr6yh\" data-brz-custom-id=\"tvrupiejlmgnbcorvzvvqcerrtbhhbbiyapu\">\n<div class=\"brz-bg\"><\/div>\n<div class=\"brz-row brz-css-mbzzz7 brz-css-tqc125\">\n<div class=\"brz-columns brz-css-1qc9y6i brz-css-tn1cm5\" data-brz-custom-id=\"edeckyeejrybzkqgjflaukxhqsepqvsilngv\">\n<div class=\"brz-bg\"><\/div>\n<div class=\"brz-column__items brz-css-1gx5xgq brz-css-xefpl3\">\n<div id=\"\" class=\"brz-css-1e4e7v brz-css-xxp798 brz-wrapper\">\n<div class=\"brz-image brz-css-8b0uut\" data-brz-custom-id=\"tcixjjncjrfherxthpmqljxublmfpjwkphab\"><img decoding=\"async\" class=\"brz-img\" src=\"https:\/\/finkbeinerkg.de\/wp-content\/uploads\/brizy\/imgs\/DSC01448-scaled-702x468x81x0x540x468x1655487398.jpg\" alt=\"\" loading=\"lazy\"><\/div>\n<\/div>\n<\/div>\n<\/div>\n<div class=\"brz-columns brz-css-1qc9y6i\" data-brz-custom-id=\"gkkbcafeckzhsslmysrvzrmnyevciubqpwxp\">\n<div class=\"brz-bg\"><\/div>\n<div class=\"brz-column__items brz-css-1gx5xgq brz-css-1dvstq1\">\n<div id=\"\" class=\"brz-css-1e4e7v brz-css-1lax5kw brz-wrapper\">\n<div class=\"brz-rich-text brz-rich-text__custom brz-css-1jzoqwp\" data-brz-custom-id=\"eyeevwlrqnzyptsjtxvpufpvfoekvkgikukl\">\n<div data-brz-translate-text=\"1\">\n<p class=\"brz-tp-lg-heading1 brz-ls-lg-0 brz-lh-lg-1_3 brz-ff-inter brz-ft-google brz-fs-lg-48 brz-fss-lg-px brz-fw-lg-900 brz-css-pOxHr\" data-uniq-id=\"modtj\" data-generated-css=\"brz-css-wqsvq\"><span class=\"brz-cp-color7 brz-capitalize-on\">Tout de<\/span><\/p>\n<p class=\"brz-tp-lg-heading1 brz-ls-lg-0 brz-lh-lg-1_3 brz-ff-inter brz-ft-google brz-fs-lg-48 brz-fss-lg-px brz-fw-lg-900 brz-css-aNFxD\" data-uniq-id=\"modtj\" data-generated-css=\"brz-css-wqsvq\"><span class=\"brz-cp-color7 brz-capitalize-on\">d'une main<\/span><\/p>\n<\/div>\n<\/div>\n<\/div>\n<div id=\"\" class=\"brz-css-1e4e7v brz-wrapper\">\n<div class=\"brz-rich-text brz-rich-text__custom brz-css-1jzoqwp\" data-brz-custom-id=\"irnawaezoswwuqzesejrmjccyurmspitftrm\">\n<div data-brz-translate-text=\"1\">\n<p class=\"brz-tp-lg-paragraph brz-css-kt_Kx\" data-generated-css=\"brz-css-dqnms\" data-uniq-id=\"kdywo\"><span class=\"brz-cp-color7\">Gr\u00e2ce \u00e0 notre situation favorable en mati\u00e8re de circulation, directement sur la route nationale 33, et \u00e0 une infrastructure optimis\u00e9e depuis des d\u00e9cennies, nous sommes en mesure d'agir \u00e0 une vitesse maximale en mati\u00e8re de transport et de logistique.<\/span><\/p>\n<p class=\"brz-tp-lg-paragraph brz-css-ct0wV\" data-generated-css=\"brz-css-dqnms\" data-uniq-id=\"kdywo\"><span class=\"brz-cp-color7\"> <\/span><\/p>\n<p class=\"brz-tp-lg-paragraph brz-css-iAOoO\" data-generated-css=\"brz-css-rgofh\" data-uniq-id=\"ecutw\"><span class=\"brz-cp-color7\">Nous avons encore renforc\u00e9 cet avantage en 2020. Nous sommes l'une des rares scieries d'Allemagne \u00e0 disposer depuis lors de notre propre service logistique. Nos 9 camions travaillent en deux \u00e9quipes presque 24 heures sur 24 pour nos fournisseurs de grumes. <\/span><\/p>\n<p class=\"brz-tp-lg-paragraph brz-css-xcJYx\" data-generated-css=\"brz-css-rgofh\" data-uniq-id=\"ecutw\"><span class=\"brz-cp-color7\"> <\/span><\/p>\n<p class=\"brz-tp-lg-paragraph brz-css-uUFl3\" data-generated-css=\"brz-css-hrero\" data-uniq-id=\"mlfed\"><span class=\"brz-cp-color7\">Gr\u00e2ce \u00e0 des lignes de communication courtes au sein de notre entreprise, nous pouvons coordonner le transport du bois entre la for\u00eat et la scierie de mani\u00e8re rapide et flexible. Nous pouvons ainsi \u00e9vacuer rapidement le bois lors de grandes coupes et lib\u00e9rer rapidement l'espace de stockage n\u00e9cessaire \u00e0 nos entreprises foresti\u00e8res.<\/span><\/p>\n<p class=\"brz-tp-lg-paragraph brz-css-k6rOR\" data-generated-css=\"brz-css-hrero\" data-uniq-id=\"mlfed\"><span class=\"brz-cp-color7\"> <\/span><\/p>\n<p class=\"brz-tp-lg-paragraph brz-css-qDVwt\" data-generated-css=\"brz-css-cidrm\" data-uniq-id=\"etqsa\"><span class=\"brz-cp-color7\">Parall\u00e8lement, notre logistique interne nous permet de travailler \"just in sequence\". Ainsi, le bois est livr\u00e9 dans l'ordre dans lequel la scierie en a besoin pour la suite du traitement. Nous gagnons ainsi du temps sans devoir renoncer \u00e0 la qualit\u00e9.<\/span><\/p>\n<p class=\"brz-tp-lg-paragraph brz-css-kTOQ7\" data-generated-css=\"brz-css-jbicl\" data-uniq-id=\"ndbqb\"><\/p>\n<\/div>\n<\/div>\n<\/div>\n<\/div>\n<\/div>\n<\/div>\n<\/div>\n<\/div>\n<\/div>\n<\/section>\n<section id=\"a93f979e9d5931556463_fytypshsvzpnhsnusndgfsserkgzencngssw\" class=\"brz-section brz-css-g07z5l\">\n<div class=\"brz-section__content brz-section--boxed brz-css-jgruw9 brz-css-1oqclpk\" data-brz-custom-id=\"ikugukiyzpbvgwnbrnnfgyjbcgkxeyoeomnc\">\n<div class=\"brz-container brz-css-10qvkbw\">\n<div id=\"\" class=\"brz-css-1e4e7v brz-wrapper\">\n<div class=\"brz-video brz-vimeo-video brz-video-on-controls-hidden brz-css-1n32imt\" data-brz-custom-id=\"kndysvoypwouxgczzgttxxhhrqxmmwvyfxwo\">\n<div class=\"brz-video-content\" data-loop=\"false\" data-muted=\"false\" data-autoplay=\"off\">\n<div class=\"video-wrapper brz-image-fix-16-9\">\n<div class=\"brz-video-data brz-hidden\" data-src=\"https:\/\/player.vimeo.com\/video\/716389864?autoplay=0&amp;background=0&amp;title=1&amp;byline=1&amp;badge=false&amp;autopause=false&amp;portrait=1&amp;controls=1&amp;loop=0&amp;muted=0#t=0s\" data-population=\"\" data-controls=\"true\" data-branding=\"true\" data-intro=\"true\" data-start=\"0\" data-end=\"0\" data-loop=\"false\" data-autoplay=\"off\"><\/div>\n<\/div>\n<\/div>\n<\/div>\n<\/div>\n<\/div>\n<\/div>\n<\/section>\n<section id=\"50ae8fee48e0212d113d_xdyymwnkkkijspdfiazlntkaucbubwkzyjrs\" class=\"brz-section brz-css-g07z5l\">\n<div class=\"brz-section__content brz-section--boxed brz-css-jgruw9 brz-css-c28lhn\" data-brz-custom-id=\"kafnwvssqfppcaerrojnqreciyzopkojcwmo\">\n<div class=\"brz-bg\">\n<div class=\"brz-bg-color\"><\/div>\n<\/div>\n<div class=\"brz-container brz-css-10qvkbw\">\n<div id=\"\" class=\"brz-css-1e4e7v brz-css-ajei0w brz-wrapper\">\n<div class=\"brz-spacer brz-css-sslm8t brz-css-mj2fwv\"><\/div>\n<\/div>\n<div class=\"brz-row__container brz-css-1vbzyln\" data-brz-custom-id=\"gzcgqikomlwbbrnmushtpsvicjxcmbuxbyeg\">\n<div class=\"brz-bg\"><\/div>\n<div class=\"brz-row brz-css-mbzzz7 brz-css-tqc125\">\n<div class=\"brz-columns brz-css-1qc9y6i brz-css-uckkz5\" data-brz-custom-id=\"dgkxcvwlrntctpjreqcrwwlzlttkclisgtqt\">\n<div class=\"brz-bg\"><\/div>\n<div class=\"brz-column__items brz-css-1gx5xgq brz-css-e5wud2\">\n<div class=\"brz-wrapper-clone brz-css-ffj6vj\">\n<div class=\"brz-d-xs-flex brz-flex-xs-wrap brz-css-mr90h\" data-brz-custom-id=\"\">\n<div class=\"brz-wrapper-clone__item\" id=\"phohwgvskhbzbikvkkchgagkaslhhtomhftx\">\n<div class=\"brz-icon__container\" data-brz-custom-id=\"phohwgvskhbzbikvkkchgagkaslhhtomhftx\"><span class=\"brz-icon brz-span brz-css-g40y00 brz-css-127xsbr\"><\/span><\/div>\n<\/div>\n<\/div>\n<\/div>\n<div id=\"\" class=\"brz-css-1e4e7v brz-css-ajei0w brz-css-o2qo9s brz-wrapper\">\n<div class=\"brz-spacer brz-css-sslm8t brz-css-10ammmo\"><\/div>\n<\/div>\n<div id=\"\" class=\"brz-css-1e4e7v brz-wrapper\">\n<div class=\"brz-rich-text brz-rich-text__custom brz-css-1jzoqwp\" data-brz-custom-id=\"obdaueabnzfbytndhjaglxpjugjtufjywtup\">\n<div data-brz-translate-text=\"1\">\n<h4 class=\"brz-tp-lg-heading4 brz-text-lg-center brz-css-ueqfL\" data-uniq-id=\"jsonl\" data-generated-css=\"brz-css-dyujn\"><span class=\"brz-cp-color1\">Courtes distances<\/span><\/h4>\n<\/div>\n<\/div>\n<\/div>\n<div id=\"\" class=\"brz-css-1e4e7v brz-wrapper\">\n<div class=\"brz-rich-text brz-rich-text__custom brz-css-1jzoqwp\" data-brz-custom-id=\"aafcldktcyikizdcvmhcvsrkcinaojogozde\">\n<div data-brz-translate-text=\"1\">\n<p class=\"brz-tp-lg-paragraph brz-text-lg-center brz-css-eBmvQ\" data-uniq-id=\"jvhol\" data-generated-css=\"brz-css-jnetw\"><span class=\"brz-cp-color7\">Gr\u00e2ce \u00e0 notre logistique interne, nous contr\u00f4lons nous-m\u00eames toutes les t\u00e2ches de transport. Cela nous permet de garantir <\/span><strong class=\"brz-cp-color7\">rapide <\/strong><span class=\"brz-cp-color7\">et <\/span><strong class=\"brz-cp-color7\">d\u00e9roulement flexible <\/strong><span class=\"brz-cp-color7\">et un <\/span><strong class=\"brz-cp-color7\">bon d\u00e9roulement<\/strong><span class=\"brz-cp-color7\">.<\/span><\/p>\n<\/div>\n<\/div>\n<\/div>\n<\/div>\n<\/div>\n<div class=\"brz-columns brz-css-1qc9y6i brz-css-1ax4yv1\" data-brz-custom-id=\"hhnpoqwrfaltcxssajqmjubiaaztigitypxm\">\n<div class=\"brz-bg\"><\/div>\n<div class=\"brz-column__items brz-css-1gx5xgq brz-css-14ar6by\">\n<div class=\"brz-wrapper-clone brz-css-ffj6vj\">\n<div class=\"brz-d-xs-flex brz-flex-xs-wrap brz-css-mr90h\" data-brz-custom-id=\"\">\n<div class=\"brz-wrapper-clone__item\" id=\"eroovptscjuznlxmyailqjjogodhuqgwzbyu\">\n<div class=\"brz-icon__container\" data-brz-custom-id=\"eroovptscjuznlxmyailqjjogodhuqgwzbyu\"><span class=\"brz-icon brz-span brz-css-g40y00 brz-css-1yim5y6\"><\/span><\/div>\n<\/div>\n<\/div>\n<\/div>\n<div id=\"\" class=\"brz-css-1e4e7v brz-css-ajei0w brz-css-vopoyj brz-wrapper\">\n<div class=\"brz-spacer brz-css-sslm8t brz-css-1d0n9sz\"><\/div>\n<\/div>\n<div id=\"\" class=\"brz-css-1e4e7v brz-wrapper\">\n<div class=\"brz-rich-text brz-rich-text__custom brz-css-1jzoqwp\" data-brz-custom-id=\"hjrazqzicpdpdftrexkraokjqjultlrjykum\">\n<div data-brz-translate-text=\"1\">\n<h4 class=\"brz-tp-lg-heading4 brz-text-lg-center brz-css-lOGxK\" data-generated-css=\"brz-css-kioyf\" data-uniq-id=\"evkck\"><span class=\"brz-cp-color1\">Grande force de frappe<\/span><\/h4>\n<\/div>\n<\/div>\n<\/div>\n<div id=\"\" class=\"brz-css-1e4e7v brz-css-1v0aw4g brz-wrapper\">\n<div class=\"brz-rich-text brz-rich-text__custom brz-css-1jzoqwp\" data-brz-custom-id=\"ioianlccpngqzebpkclmvjscqssrlcflhhph\">\n<div data-brz-translate-text=\"1\">\n<p class=\"brz-tp-lg-paragraph brz-text-lg-center brz-css-m_Zmo\" data-uniq-id=\"mvzod\" data-generated-css=\"brz-css-venbl\"><span class=\"brz-cp-color7\">Avec <\/span><strong class=\"brz-cp-color7\">neuf trains de bois longs et courts<\/strong><span class=\"brz-cp-color7\"> est possible avec une <\/span><strong class=\"brz-cp-color7\">une grande force de frappe<\/strong><span class=\"brz-cp-color7\"> d'agir lorsque, pendant une coupe, du bois doit \u00eatre \u00e9vacu\u00e9 pour faire de la place dans la for\u00eat.<\/span><\/p>\n<\/div>\n<\/div>\n<\/div>\n<\/div>\n<\/div>\n<div class=\"brz-columns brz-css-1qc9y6i brz-css-12idr4x\" data-brz-custom-id=\"hmhaxkiaaftanrqeprnkvrjmaygjhawateqy\">\n<div class=\"brz-column__items brz-css-1gx5xgq brz-css-10hsque\">\n<div class=\"brz-wrapper-clone brz-css-ffj6vj\">\n<div class=\"brz-d-xs-flex brz-flex-xs-wrap brz-css-mr90h\" data-brz-custom-id=\"\">\n<div class=\"brz-wrapper-clone__item\" id=\"puxcixxlnixqslrbzrktishawjgkfuacjdlj\">\n<div class=\"brz-icon__container\" data-brz-custom-id=\"puxcixxlnixqslrbzrktishawjgkfuacjdlj\"><span class=\"brz-icon brz-span brz-css-g40y00 brz-css-55slc9\"><\/span><\/div>\n<\/div>\n<\/div>\n<\/div>\n<div id=\"\" class=\"brz-css-1e4e7v brz-css-ajei0w brz-css-cmpcb5 brz-wrapper\">\n<div class=\"brz-spacer brz-css-sslm8t brz-css-2492nu\"><\/div>\n<\/div>\n<div id=\"\" class=\"brz-css-1e4e7v brz-wrapper\">\n<div class=\"brz-rich-text brz-rich-text__custom brz-css-1jzoqwp\" data-brz-custom-id=\"ljznrezltcygjdvcdyifrttyyaxpncywbftm\">\n<div data-brz-translate-text=\"1\">\n<h4 class=\"brz-text-lg-center brz-tp-lg-heading4 brz-css-nHyI2\" data-generated-css=\"brz-css-hbjgq\" data-uniq-id=\"rlvap\"><span class=\"brz-cp-color1\">Rapidit\u00e9<\/span><\/h4>\n<\/div>\n<\/div>\n<\/div>\n<div id=\"\" class=\"brz-css-1e4e7v brz-wrapper\">\n<div class=\"brz-rich-text brz-rich-text__custom brz-css-1jzoqwp\" data-brz-custom-id=\"trizqspmcrquvygpzyivrzymkqendrurbinu\">\n<div data-brz-translate-text=\"1\">\n<p class=\"brz-text-xs-center brz-tp-lg-paragraph brz-text-lg-center brz-css-woQgi\" data-uniq-id=\"ynigl\" data-generated-css=\"brz-css-gpvsa\"><span class=\"brz-cp-color1\">Notre site<\/span><strong class=\"brz-cp-color1\"> infrastructure parfaite<\/strong><span class=\"brz-cp-color1\"> et l'emplacement facile d'acc\u00e8s directement sur la B33<\/span><\/p>\n<p class=\"brz-text-xs-center brz-tp-lg-paragraph brz-text-lg-center brz-css-oLZEG\" data-uniq-id=\"lfwuq\" data-generated-css=\"brz-css-hrsid\"><span class=\"brz-cp-color1\">nous permettent \u00e9galement de r\u00e9pondre \u00e0 des <\/span><strong class=\"brz-cp-color1\">Les souhaits des clients <\/strong><span class=\"brz-cp-color1\">un <\/span><strong class=\"brz-cp-color1\">rapide <\/strong><span class=\"brz-cp-color1\">et \u00e0 court terme <\/span><strong class=\"brz-cp-color1\">Livraison<\/strong><span class=\"brz-cp-color1\">.<\/span><\/p>\n<\/div>\n<\/div>\n<\/div>\n<\/div>\n<\/div>\n<\/div>\n<\/div>\n<\/div>\n<\/div>\n<\/section>\n<\/div>\n<p>    <!-- version:1738869023 --><\/p>","protected":false},"excerpt":{"rendered":"<p>Transport &amp; Logistique Tout d'une seule main Gr\u00e2ce \u00e0 notre situation favorable en mati\u00e8re de circulation, directement sur la route nationale 33, et \u00e0 une infrastructure optimis\u00e9e depuis des d\u00e9cennies, nous sommes en mesure d'agir \u00e0 une vitesse maximale dans le domaine du transport et de la logistique. Nous avons encore renforc\u00e9 cet avantage en 2020. En tant qu'une des rares scieries d'Allemagne ... <\/p>\n<p class=\"link-more\"><a href=\"https:\/\/finkbeinerkg.de\/fr\/transport-logistik\/\" class=\"more-link\">Continuer la lecture <span class=\"screen-reader-text\"> \" Transport &amp; Logistique \"<\/span><\/a><\/p>","protected":false},"author":1,"featured_media":0,"parent":0,"menu_order":0,"comment_status":"closed","ping_status":"closed","template":"brizy-blank-template.php","meta":{"footnotes":""},"class_list":["post-63","page","type-page","status-publish","hentry","entry"],"brizy_media":[{"id":2508,"url":"https:\/\/finkbeinerkg.de\/wp-content\/uploads\/2021\/10\/DSC01497.jpg","name":"DSC01497.jpg","meta":{"brizy_attachment_uid":"wp-8275e0df3b74fbfa83e27aae731900f2.jpg","brizy_post_uid":["df98cb56dcb0f9296acc036ddebd4174","8959374789a26f835181706da01c836a","4364260f4d0cdf94444d9815c0c9074f","7e3ea6108b6cbcb230fcfd1a235caed4"]}},{"id":5406,"url":"https:\/\/finkbeinerkg.de\/wp-content\/uploads\/2022\/04\/DSC01448-scaled.jpg","name":"DSC01448.jpg","meta":{"brizy_attachment_uid":"wp-b6dc036cb9f2aea79c77a95009e7f140.jpg","brizy_post_uid":["4364260f4d0cdf94444d9815c0c9074f"]}},{"id":5418,"url":"https:\/\/finkbeinerkg.de\/wp-content\/uploads\/2022\/04\/DSC01381-scaled.jpg","name":"DSC01381.jpg","meta":{"brizy_attachment_uid":"wp-39086fe47065a48f56a82e5405801d5b.jpg","brizy_post_uid":["4364260f4d0cdf94444d9815c0c9074f"]}},{"id":6539,"url":"https:\/\/finkbeinerkg.de\/wp-content\/uploads\/2022\/05\/DSC09256-scaled.jpg","name":"DSC09256.jpg","meta":{"brizy_attachment_uid":"wp-0a597c78ef1c7a9008ba45b42f4b016e.jpg","brizy_post_uid":["4364260f4d0cdf94444d9815c0c9074f"]}}],"_links":{"self":[{"href":"https:\/\/finkbeinerkg.de\/fr\/wp-json\/wp\/v2\/pages\/63","targetHints":{"allow":["GET"]}}],"collection":[{"href":"https:\/\/finkbeinerkg.de\/fr\/wp-json\/wp\/v2\/pages"}],"about":[{"href":"https:\/\/finkbeinerkg.de\/fr\/wp-json\/wp\/v2\/types\/page"}],"author":[{"embeddable":true,"href":"https:\/\/finkbeinerkg.de\/fr\/wp-json\/wp\/v2\/users\/1"}],"replies":[{"embeddable":true,"href":"https:\/\/finkbeinerkg.de\/fr\/wp-json\/wp\/v2\/comments?post=63"}],"version-history":[{"count":30,"href":"https:\/\/finkbeinerkg.de\/fr\/wp-json\/wp\/v2\/pages\/63\/revisions"}],"predecessor-version":[{"id":13661,"href":"https:\/\/finkbeinerkg.de\/fr\/wp-json\/wp\/v2\/pages\/63\/revisions\/13661"}],"wp:attachment":[{"href":"https:\/\/finkbeinerkg.de\/fr\/wp-json\/wp\/v2\/media?parent=63"}],"curies":[{"name":"wp","href":"https:\/\/api.w.org\/{rel}","templated":true}]}}